{"id":9094,"date":"2023-07-10T15:44:53","date_gmt":"2023-07-10T15:44:53","guid":{"rendered":"https:\/\/www.flexiblebollards.com\/pt\/pilona-delimitador-flexible-road\/"},"modified":"2023-07-21T09:44:08","modified_gmt":"2023-07-21T09:44:08","slug":"postes-delimitacao-flexiveis-road","status":"publish","type":"page","link":"https:\/\/www.flexiblebollards.com\/pt\/postes-delimitacao-flexiveis-road\/","title":{"rendered":"Balizas\/Postes de delimita\u00e7\u00e3o Flex\u00edveis Road"},"content":{"rendered":"\t\t<div data-elementor-type=\"wp-page\" data-elementor-id=\"9094\" class=\"elementor elementor-9094\" data-elementor-post-type=\"page\">\n\t\t\t\t\t\t<section class=\"elementor-section elementor-top-section elementor-element elementor-element-6aecca7d elementor-section-boxed elementor-section-height-default elementor-section-height-default\" data-id=\"6aecca7d\" data-element_type=\"section\" data-e-type=\"section\">\n\t\t\t\t\t\t<div class=\"elementor-container elementor-column-gap-no\">\n\t\t\t\t\t<div class=\"elementor-column elementor-col-100 elementor-top-column elementor-element elementor-element-1d45cafb\" data-id=\"1d45cafb\" data-element_type=\"column\" data-e-type=\"column\">\n\t\t\t<div class=\"elementor-widget-wrap elementor-element-populated\">\n\t\t\t\t\t\t<section class=\"elementor-section elementor-inner-section elementor-element elementor-element-13b94be9 elementor-section-boxed elementor-section-height-default elementor-section-height-default\" data-id=\"13b94be9\" data-element_type=\"section\" data-e-type=\"section\">\n\t\t\t\t\t\t<div class=\"elementor-container elementor-column-gap-extended\">\n\t\t\t\t\t<div class=\"elementor-column elementor-col-100 elementor-inner-column elementor-element elementor-element-6a2d0053\" data-id=\"6a2d0053\" data-element_type=\"column\" data-e-type=\"column\">\n\t\t\t<div class=\"elementor-widget-wrap elementor-element-populated\">\n\t\t\t\t\t\t<div class=\"elementor-element elementor-element-388e6625 elementor-widget__width-initial elementor-widget elementor-widget-text-editor\" data-id=\"388e6625\" data-element_type=\"widget\" data-e-type=\"widget\" data-widget_type=\"text-editor.default\">\n\t\t\t\t<div class=\"elementor-widget-container\">\n\t\t\t\t\t\t\t\t\t<p><strong>Baliza\/poste de delimita\u00e7\u00e3o flex\u00edvel em pl\u00e1stico de poliuretano modelo Road<\/strong>. Baliza de delimita\u00e7\u00e3o flex\u00edvel que proporciona uma grande flexibilidade e regressa \u00e0 sua posi\u00e7\u00e3o original em caso de impacto. Baliza com tripla faixa reflectora de alta visibilidade que proporciona maior visibilidade. Ideal para delimitar ruas, estradas, espa\u00e7os privados, zonas industriais, etc.<\/p><p>Possibilidade de instala\u00e7\u00e3o fixa no solo ou de utiliza\u00e7\u00e3o m\u00f3vel como cone. Para a instala\u00e7\u00e3o fixa, \u00e9 necess\u00e1rio efetuar previamente furos na base pr\u00e9-marcada da baliza. Fixa\u00e7\u00e3o ao solo por meio de parafusos.<\/p><p><b style=\"font-style: inherit;\">Medidas:<\/b><\/p><ul><li>Largura: \u00f8 80 mm<\/li><li>Altura: 765 mm<\/li><li>Largura base: 200 mm<\/li><li>Peso: 1,2 kg<\/li><\/ul>\t\t\t\t\t\t\t\t<\/div>\n\t\t\t\t<\/div>\n\t\t\t\t<div class=\"elementor-element elementor-element-8b14938 elementor-widget__width-initial elementor-widget elementor-widget-wp-widget-media_image\" data-id=\"8b14938\" data-element_type=\"widget\" data-e-type=\"widget\" data-widget_type=\"wp-widget-media_image.default\">\n\t\t\t\t<div class=\"elementor-widget-container\">\n\t\t\t\t\t<img fetchpriority=\"high\" decoding=\"async\" width=\"268\" height=\"223\" src=\"https:\/\/www.flexiblebollards.com\/pt\/wp-content\/uploads\/2023\/07\/poste-delimitador-flexible.webp\" class=\"image wp-image-9527  attachment-full size-full\" alt=\"Delimitador flexible Road\" style=\"max-width: 100%; height: auto;\" title=\"Delimitador flexible Road\" srcset=\"https:\/\/www.flexiblebollards.com\/pt\/wp-content\/uploads\/2023\/07\/poste-delimitador-flexible.webp 268w, https:\/\/www.flexiblebollards.com\/pt\/wp-content\/uploads\/2023\/07\/poste-delimitador-flexible-24x20.webp 24w, https:\/\/www.flexiblebollards.com\/pt\/wp-content\/uploads\/2023\/07\/poste-delimitador-flexible-36x30.webp 36w, https:\/\/www.flexiblebollards.com\/pt\/wp-content\/uploads\/2023\/07\/poste-delimitador-flexible-48x40.webp 48w\" sizes=\"(max-width: 268px) 100vw, 268px\" \/>\t\t\t\t<\/div>\n\t\t\t\t<\/div>\n\t\t\t\t\t<\/div>\n\t\t<\/div>\n\t\t\t\t\t<\/div>\n\t\t<\/section>\n\t\t\t\t\t<\/div>\n\t\t<\/div>\n\t\t\t\t\t<\/div>\n\t\t<\/section>\n\t\t\t\t<\/div>\n\t\t","protected":false},"excerpt":{"rendered":"<p>Baliza\/poste de delimita\u00e7\u00e3o flex\u00edvel em pl\u00e1stico de poliuretano modelo Road. Baliza de delimita\u00e7\u00e3o flex\u00edvel que proporciona uma grande flexibilidade e regressa \u00e0 sua posi\u00e7\u00e3o original em caso de impacto. Baliza com tripla faixa reflectora de alta visibilidade que proporciona maior visibilidade. Ideal para delimitar ruas, estradas, espa\u00e7os privados, zonas industriais, etc. Possibilidade de instala\u00e7\u00e3o fixa &hellip;<\/p>\n<p class=\"read-more\"> <a class=\"\" href=\"https:\/\/www.flexiblebollards.com\/pt\/postes-delimitacao-flexiveis-road\/\"> <span class=\"screen-reader-text\">Balizas\/Postes de delimita\u00e7\u00e3o Flex\u00edveis Road<\/span> Read More &raquo;<\/a><\/p>\n","protected":false},"author":1,"featured_media":0,"parent":0,"menu_order":0,"comment_status":"closed","ping_status":"closed","template":"","meta":{"site-sidebar-layout":"no-sidebar","site-content-layout":"page-builder","ast-global-header-display":"","ast-banner-title-visibility":"","ast-main-header-display":"","ast-hfb-above-header-display":"","ast-hfb-below-header-display":"","ast-hfb-mobile-header-display":"","site-post-title":"disabled","ast-breadcrumbs-content":"","ast-featured-img":"disabled","footer-sml-layout":"","theme-transparent-header-meta":"default","adv-header-id-meta":"","stick-header-meta":"","header-above-stick-meta":"","header-main-stick-meta":"","header-below-stick-meta":"","footnotes":""},"wf_page_folders":[15],"class_list":["post-9094","page","type-page","status-publish","hentry"],"yoast_head":"<!-- This site is optimized with the Yoast SEO plugin v27.5 - https:\/\/yoast.com\/product\/yoast-seo-wordpress\/ -->\n<title>Balizas\/Postes de delimita\u00e7\u00e3o Flex\u00edveis Road - Dissuasores Flex\u00edveis<\/title>\n<meta name=\"description\" content=\"Somos especialistas no fabrico e instala\u00e7\u00e3o de postes de delimita\u00e7\u00e3o Flex\u00edveis Road.\" \/>\n<meta name=\"robots\" content=\"index, follow, max-snippet:-1, max-image-preview:large, max-video-preview:-1\" \/>\n<link rel=\"canonical\" href=\"https:\/\/www.flexiblebollards.com\/pt\/postes-delimitacao-flexiveis-road\/\" \/>\n<meta property=\"og:locale\" content=\"pt_PT\" \/>\n<meta property=\"og:type\" content=\"article\" \/>\n<meta property=\"og:title\" content=\"Balizas\/Postes de delimita\u00e7\u00e3o Flex\u00edveis Road - Dissuasores Flex\u00edveis\" \/>\n<meta property=\"og:description\" content=\"Somos especialistas no fabrico e instala\u00e7\u00e3o de postes de delimita\u00e7\u00e3o Flex\u00edveis Road.\" \/>\n<meta property=\"og:url\" content=\"https:\/\/www.flexiblebollards.com\/pt\/postes-delimitacao-flexiveis-road\/\" \/>\n<meta property=\"og:site_name\" content=\"Dissuasores Flex\u00edveis\" \/>\n<meta property=\"article:modified_time\" content=\"2023-07-21T09:44:08+00:00\" \/>\n<meta name=\"twitter:card\" content=\"summary_large_image\" \/>\n<meta name=\"twitter:label1\" content=\"Tempo estimado de leitura\" \/>\n\t<meta name=\"twitter:data1\" content=\"1 minuto\" \/>\n<script type=\"application\/ld+json\" class=\"yoast-schema-graph\">{\"@context\":\"https:\\\/\\\/schema.org\",\"@graph\":[{\"@type\":\"WebPage\",\"@id\":\"https:\\\/\\\/www.flexiblebollards.com\\\/pt\\\/postes-delimitacao-flexiveis-road\\\/\",\"url\":\"https:\\\/\\\/www.flexiblebollards.com\\\/pt\\\/postes-delimitacao-flexiveis-road\\\/\",\"name\":\"Balizas\\\/Postes de delimita\u00e7\u00e3o Flex\u00edveis Road - Dissuasores Flex\u00edveis\",\"isPartOf\":{\"@id\":\"https:\\\/\\\/www.flexiblebollards.com\\\/pt\\\/#website\"},\"datePublished\":\"2023-07-10T15:44:53+00:00\",\"dateModified\":\"2023-07-21T09:44:08+00:00\",\"description\":\"Somos especialistas no fabrico e instala\u00e7\u00e3o de postes de delimita\u00e7\u00e3o Flex\u00edveis Road.\",\"breadcrumb\":{\"@id\":\"https:\\\/\\\/www.flexiblebollards.com\\\/pt\\\/postes-delimitacao-flexiveis-road\\\/#breadcrumb\"},\"inLanguage\":\"pt-PT\",\"potentialAction\":[{\"@type\":\"ReadAction\",\"target\":[\"https:\\\/\\\/www.flexiblebollards.com\\\/pt\\\/postes-delimitacao-flexiveis-road\\\/\"]}]},{\"@type\":\"BreadcrumbList\",\"@id\":\"https:\\\/\\\/www.flexiblebollards.com\\\/pt\\\/postes-delimitacao-flexiveis-road\\\/#breadcrumb\",\"itemListElement\":[{\"@type\":\"ListItem\",\"position\":1,\"name\":\"Portada\",\"item\":\"https:\\\/\\\/www.flexiblebollards.com\\\/pt\\\/\"},{\"@type\":\"ListItem\",\"position\":2,\"name\":\"Balizas\\\/Postes de delimita\u00e7\u00e3o Flex\u00edveis Road\"}]},{\"@type\":\"WebSite\",\"@id\":\"https:\\\/\\\/www.flexiblebollards.com\\\/pt\\\/#website\",\"url\":\"https:\\\/\\\/www.flexiblebollards.com\\\/pt\\\/\",\"name\":\"Dissuasores Flex\u00edveis\",\"description\":\"\",\"potentialAction\":[{\"@type\":\"SearchAction\",\"target\":{\"@type\":\"EntryPoint\",\"urlTemplate\":\"https:\\\/\\\/www.flexiblebollards.com\\\/pt\\\/?s={search_term_string}\"},\"query-input\":{\"@type\":\"PropertyValueSpecification\",\"valueRequired\":true,\"valueName\":\"search_term_string\"}}],\"inLanguage\":\"pt-PT\"}]}<\/script>\n<!-- \/ Yoast SEO plugin. -->","yoast_head_json":{"title":"Balizas\/Postes de delimita\u00e7\u00e3o Flex\u00edveis Road - Dissuasores Flex\u00edveis","description":"Somos especialistas no fabrico e instala\u00e7\u00e3o de postes de delimita\u00e7\u00e3o Flex\u00edveis Road.","robots":{"index":"index","follow":"follow","max-snippet":"max-snippet:-1","max-image-preview":"max-image-preview:large","max-video-preview":"max-video-preview:-1"},"canonical":"https:\/\/www.flexiblebollards.com\/pt\/postes-delimitacao-flexiveis-road\/","og_locale":"pt_PT","og_type":"article","og_title":"Balizas\/Postes de delimita\u00e7\u00e3o Flex\u00edveis Road - Dissuasores Flex\u00edveis","og_description":"Somos especialistas no fabrico e instala\u00e7\u00e3o de postes de delimita\u00e7\u00e3o Flex\u00edveis Road.","og_url":"https:\/\/www.flexiblebollards.com\/pt\/postes-delimitacao-flexiveis-road\/","og_site_name":"Dissuasores Flex\u00edveis","article_modified_time":"2023-07-21T09:44:08+00:00","twitter_card":"summary_large_image","twitter_misc":{"Tempo estimado de leitura":"1 minuto"},"schema":{"@context":"https:\/\/schema.org","@graph":[{"@type":"WebPage","@id":"https:\/\/www.flexiblebollards.com\/pt\/postes-delimitacao-flexiveis-road\/","url":"https:\/\/www.flexiblebollards.com\/pt\/postes-delimitacao-flexiveis-road\/","name":"Balizas\/Postes de delimita\u00e7\u00e3o Flex\u00edveis Road - Dissuasores Flex\u00edveis","isPartOf":{"@id":"https:\/\/www.flexiblebollards.com\/pt\/#website"},"datePublished":"2023-07-10T15:44:53+00:00","dateModified":"2023-07-21T09:44:08+00:00","description":"Somos especialistas no fabrico e instala\u00e7\u00e3o de postes de delimita\u00e7\u00e3o Flex\u00edveis Road.","breadcrumb":{"@id":"https:\/\/www.flexiblebollards.com\/pt\/postes-delimitacao-flexiveis-road\/#breadcrumb"},"inLanguage":"pt-PT","potentialAction":[{"@type":"ReadAction","target":["https:\/\/www.flexiblebollards.com\/pt\/postes-delimitacao-flexiveis-road\/"]}]},{"@type":"BreadcrumbList","@id":"https:\/\/www.flexiblebollards.com\/pt\/postes-delimitacao-flexiveis-road\/#breadcrumb","itemListElement":[{"@type":"ListItem","position":1,"name":"Portada","item":"https:\/\/www.flexiblebollards.com\/pt\/"},{"@type":"ListItem","position":2,"name":"Balizas\/Postes de delimita\u00e7\u00e3o Flex\u00edveis Road"}]},{"@type":"WebSite","@id":"https:\/\/www.flexiblebollards.com\/pt\/#website","url":"https:\/\/www.flexiblebollards.com\/pt\/","name":"Dissuasores Flex\u00edveis","description":"","potentialAction":[{"@type":"SearchAction","target":{"@type":"EntryPoint","urlTemplate":"https:\/\/www.flexiblebollards.com\/pt\/?s={search_term_string}"},"query-input":{"@type":"PropertyValueSpecification","valueRequired":true,"valueName":"search_term_string"}}],"inLanguage":"pt-PT"}]}},"_links":{"self":[{"href":"https:\/\/www.flexiblebollards.com\/pt\/wp-json\/wp\/v2\/pages\/9094","targetHints":{"allow":["GET"]}}],"collection":[{"href":"https:\/\/www.flexiblebollards.com\/pt\/wp-json\/wp\/v2\/pages"}],"about":[{"href":"https:\/\/www.flexiblebollards.com\/pt\/wp-json\/wp\/v2\/types\/page"}],"author":[{"embeddable":true,"href":"https:\/\/www.flexiblebollards.com\/pt\/wp-json\/wp\/v2\/users\/1"}],"replies":[{"embeddable":true,"href":"https:\/\/www.flexiblebollards.com\/pt\/wp-json\/wp\/v2\/comments?post=9094"}],"version-history":[{"count":17,"href":"https:\/\/www.flexiblebollards.com\/pt\/wp-json\/wp\/v2\/pages\/9094\/revisions"}],"predecessor-version":[{"id":10940,"href":"https:\/\/www.flexiblebollards.com\/pt\/wp-json\/wp\/v2\/pages\/9094\/revisions\/10940"}],"wp:attachment":[{"href":"https:\/\/www.flexiblebollards.com\/pt\/wp-json\/wp\/v2\/media?parent=9094"}],"wp:term":[{"taxonomy":"wf_page_folders","embeddable":true,"href":"https:\/\/www.flexiblebollards.com\/pt\/wp-json\/wp\/v2\/wf_page_folders?post=9094"}],"curies":[{"name":"wp","href":"https:\/\/api.w.org\/{rel}","templated":true}]}}