{"id":8771,"date":"2021-03-17T10:14:30","date_gmt":"2021-03-17T09:14:30","guid":{"rendered":"http:\/\/www.pilonasflexibles.com\/?page_id=2504"},"modified":"2023-07-21T12:04:44","modified_gmt":"2023-07-21T12:04:44","slug":"balizas-e-pilaretes-flexiveis","status":"publish","type":"page","link":"https:\/\/www.flexiblebollards.com\/pt\/balizas-e-pilaretes-flexiveis\/","title":{"rendered":"Balizas e pilaretes flex\u00edveis"},"content":{"rendered":"\t\t<div data-elementor-type=\"wp-page\" data-elementor-id=\"8771\" class=\"elementor elementor-8771\" data-elementor-post-type=\"page\">\n\t\t\t\t<div class=\"elementor-element elementor-element-57e9dca e-flex e-con-boxed e-con e-parent\" data-id=\"57e9dca\" data-element_type=\"container\" data-e-type=\"container\">\n\t\t\t\t\t<div class=\"e-con-inner\">\n\t\t\t\t<div class=\"elementor-element elementor-element-9e9b77b elementor-widget elementor-widget-text-editor\" data-id=\"9e9b77b\" data-element_type=\"widget\" data-e-type=\"widget\" data-widget_type=\"text-editor.default\">\n\t\t\t\t<div class=\"elementor-widget-container\">\n\t\t\t\t\t\t\t\t\t<p><strong>Balizas e pilaretes flex\u00edveis em pl\u00e1stico<\/strong> resistente, adapt\u00e1veis a ambientes interiores e exteriores. Balizas e pilaretes flex\u00edveis com grande flexibilidade que permite a resist\u00eancia a impactos e choques de autom\u00f3veis.<\/p><p>As balizas e os pilaretes flex\u00edveis s\u00e3o utilizados para marcar limites ou posi\u00e7\u00f5es em terrenos irregulares. Os marcadores de limites s\u00e3o feitos de materiais flex\u00edveis e resistentes, como o pl\u00e1stico. Podem ser facilmente dobrados ou deslocados sem serem danificados. S\u00e3o normalmente utilizados em obras de constru\u00e7\u00e3o, estradas, parques, etc.<\/p>\t\t\t\t\t\t\t\t<\/div>\n\t\t\t\t<\/div>\n\t\t\t\t<div class=\"elementor-element elementor-element-7cd10fe elementor-widget__width-initial e-transform elementor-widget elementor-widget-heading\" data-id=\"7cd10fe\" data-element_type=\"widget\" data-e-type=\"widget\" data-settings=\"{&quot;_transform_translateX_effect&quot;:{&quot;unit&quot;:&quot;px&quot;,&quot;size&quot;:0,&quot;sizes&quot;:[]},&quot;_transform_translateY_effect&quot;:{&quot;unit&quot;:&quot;px&quot;,&quot;size&quot;:0,&quot;sizes&quot;:[]},&quot;_transform_translateX_effect_tablet&quot;:{&quot;unit&quot;:&quot;px&quot;,&quot;size&quot;:&quot;&quot;,&quot;sizes&quot;:[]},&quot;_transform_translateX_effect_mobile&quot;:{&quot;unit&quot;:&quot;px&quot;,&quot;size&quot;:&quot;&quot;,&quot;sizes&quot;:[]},&quot;_transform_translateY_effect_tablet&quot;:{&quot;unit&quot;:&quot;px&quot;,&quot;size&quot;:&quot;&quot;,&quot;sizes&quot;:[]},&quot;_transform_translateY_effect_mobile&quot;:{&quot;unit&quot;:&quot;px&quot;,&quot;size&quot;:&quot;&quot;,&quot;sizes&quot;:[]}}\" data-widget_type=\"heading.default\">\n\t\t\t\t<div class=\"elementor-widget-container\">\n\t\t\t\t\t<h2 class=\"elementor-heading-title elementor-size-default\">Balizas e pilaretes flex\u00edveis<\/h2>\t\t\t\t<\/div>\n\t\t\t\t<\/div>\n\t\t\t\t<div class=\"elementor-element elementor-element-c8a0c45 elementor-widget__width-initial elementor-position-top elementor-widget elementor-widget-image-box\" data-id=\"c8a0c45\" data-element_type=\"widget\" data-e-type=\"widget\" data-widget_type=\"image-box.default\">\n\t\t\t\t<div class=\"elementor-widget-container\">\n\t\t\t\t\t<div class=\"elementor-image-box-wrapper\"><figure class=\"elementor-image-box-img\"><a href=\"https:\/\/www.flexiblebollards.com\/pt\/postes-delimitacao-flexiveis-road\/\" tabindex=\"-1\"><img fetchpriority=\"high\" decoding=\"async\" width=\"2560\" height=\"2560\" src=\"https:\/\/www.flexiblebollards.com\/pt\/wp-content\/uploads\/2023\/07\/delimitador-road-scaled-1.webp\" class=\"attachment-full size-full wp-image-9526\" alt=\"\" srcset=\"https:\/\/www.flexiblebollards.com\/pt\/wp-content\/uploads\/2023\/07\/delimitador-road-scaled-1.webp 2560w, https:\/\/www.flexiblebollards.com\/pt\/wp-content\/uploads\/2023\/07\/delimitador-road-scaled-1-300x300.webp 300w, https:\/\/www.flexiblebollards.com\/pt\/wp-content\/uploads\/2023\/07\/delimitador-road-scaled-1-1024x1024.webp 1024w, https:\/\/www.flexiblebollards.com\/pt\/wp-content\/uploads\/2023\/07\/delimitador-road-scaled-1-150x150.webp 150w, https:\/\/www.flexiblebollards.com\/pt\/wp-content\/uploads\/2023\/07\/delimitador-road-scaled-1-768x768.webp 768w, https:\/\/www.flexiblebollards.com\/pt\/wp-content\/uploads\/2023\/07\/delimitador-road-scaled-1-1536x1536.webp 1536w, https:\/\/www.flexiblebollards.com\/pt\/wp-content\/uploads\/2023\/07\/delimitador-road-scaled-1-2048x2048.webp 2048w, https:\/\/www.flexiblebollards.com\/pt\/wp-content\/uploads\/2023\/07\/delimitador-road-scaled-1-24x24.webp 24w, https:\/\/www.flexiblebollards.com\/pt\/wp-content\/uploads\/2023\/07\/delimitador-road-scaled-1-36x36.webp 36w, https:\/\/www.flexiblebollards.com\/pt\/wp-content\/uploads\/2023\/07\/delimitador-road-scaled-1-48x48.webp 48w\" sizes=\"(max-width: 2560px) 100vw, 2560px\" \/><\/a><\/figure><div class=\"elementor-image-box-content\"><div class=\"elementor-image-box-title\"><a href=\"https:\/\/www.flexiblebollards.com\/pt\/postes-delimitacao-flexiveis-road\/\">Pileretes flex\u00edveis<\/a><\/div><p class=\"elementor-image-box-description\">Road<\/p><\/div><\/div>\t\t\t\t<\/div>\n\t\t\t\t<\/div>\n\t\t\t\t<div class=\"elementor-element elementor-element-18a33f5 elementor-widget__width-initial elementor-position-top elementor-widget elementor-widget-image-box\" data-id=\"18a33f5\" data-element_type=\"widget\" data-e-type=\"widget\" data-widget_type=\"image-box.default\">\n\t\t\t\t<div class=\"elementor-widget-container\">\n\t\t\t\t\t<div class=\"elementor-image-box-wrapper\"><figure class=\"elementor-image-box-img\"><a href=\"https:\/\/www.flexiblebollards.com\/pt\/balizas-flexiveis-ha75-eco\/\" tabindex=\"-1\"><img decoding=\"async\" width=\"300\" height=\"300\" src=\"https:\/\/www.flexiblebollards.com\/pt\/wp-content\/uploads\/2023\/07\/hitos-flexibles-ha75-eco.jpg\" class=\"attachment-full size-full wp-image-9564\" alt=\"\" srcset=\"https:\/\/www.flexiblebollards.com\/pt\/wp-content\/uploads\/2023\/07\/hitos-flexibles-ha75-eco.jpg 300w, https:\/\/www.flexiblebollards.com\/pt\/wp-content\/uploads\/2023\/07\/hitos-flexibles-ha75-eco-150x150.jpg 150w, https:\/\/www.flexiblebollards.com\/pt\/wp-content\/uploads\/2023\/07\/hitos-flexibles-ha75-eco-24x24.jpg 24w, https:\/\/www.flexiblebollards.com\/pt\/wp-content\/uploads\/2023\/07\/hitos-flexibles-ha75-eco-36x36.jpg 36w, https:\/\/www.flexiblebollards.com\/pt\/wp-content\/uploads\/2023\/07\/hitos-flexibles-ha75-eco-48x48.jpg 48w\" sizes=\"(max-width: 300px) 100vw, 300px\" \/><\/a><\/figure><div class=\"elementor-image-box-content\"><div class=\"elementor-image-box-title\"><a href=\"https:\/\/www.flexiblebollards.com\/pt\/balizas-flexiveis-ha75-eco\/\">Balizas flex\u00edveis<\/a><\/div><p class=\"elementor-image-box-description\">HA75 Eco<\/p><\/div><\/div>\t\t\t\t<\/div>\n\t\t\t\t<\/div>\n\t\t\t\t<div class=\"elementor-element elementor-element-39ca55d elementor-widget__width-initial elementor-position-top elementor-widget elementor-widget-image-box\" data-id=\"39ca55d\" data-element_type=\"widget\" data-e-type=\"widget\" data-widget_type=\"image-box.default\">\n\t\t\t\t<div class=\"elementor-widget-container\">\n\t\t\t\t\t<div class=\"elementor-image-box-wrapper\"><figure class=\"elementor-image-box-img\"><a href=\"https:\/\/www.flexiblebollards.com\/pt\/balizas-flexiveis-ha75-eva\/\" tabindex=\"-1\"><img decoding=\"async\" width=\"300\" height=\"300\" src=\"https:\/\/www.flexiblebollards.com\/pt\/wp-content\/uploads\/2023\/07\/hitos-flexibles-ha75-eco.jpg\" class=\"attachment-full size-full wp-image-9564\" alt=\"\" srcset=\"https:\/\/www.flexiblebollards.com\/pt\/wp-content\/uploads\/2023\/07\/hitos-flexibles-ha75-eco.jpg 300w, https:\/\/www.flexiblebollards.com\/pt\/wp-content\/uploads\/2023\/07\/hitos-flexibles-ha75-eco-150x150.jpg 150w, https:\/\/www.flexiblebollards.com\/pt\/wp-content\/uploads\/2023\/07\/hitos-flexibles-ha75-eco-24x24.jpg 24w, https:\/\/www.flexiblebollards.com\/pt\/wp-content\/uploads\/2023\/07\/hitos-flexibles-ha75-eco-36x36.jpg 36w, https:\/\/www.flexiblebollards.com\/pt\/wp-content\/uploads\/2023\/07\/hitos-flexibles-ha75-eco-48x48.jpg 48w\" sizes=\"(max-width: 300px) 100vw, 300px\" \/><\/a><\/figure><div class=\"elementor-image-box-content\"><div class=\"elementor-image-box-title\"><a href=\"https:\/\/www.flexiblebollards.com\/pt\/balizas-flexiveis-ha75-eva\/\">Balizas flex\u00edveis<\/a><\/div><p class=\"elementor-image-box-description\">Ha75 EVA<\/p><\/div><\/div>\t\t\t\t<\/div>\n\t\t\t\t<\/div>\n\t\t\t\t\t<\/div>\n\t\t\t\t<\/div>\n\t\t\t\t<\/div>\n\t\t","protected":false},"excerpt":{"rendered":"<p>Balizas e pilaretes flex\u00edveis em pl\u00e1stico resistente, adapt\u00e1veis a ambientes interiores e exteriores. Balizas e pilaretes flex\u00edveis com grande flexibilidade que permite a resist\u00eancia a impactos e choques de autom\u00f3veis. As balizas e os pilaretes flex\u00edveis s\u00e3o utilizados para marcar limites ou posi\u00e7\u00f5es em terrenos irregulares. Os marcadores de limites s\u00e3o feitos de materiais flex\u00edveis &hellip;<\/p>\n<p class=\"read-more\"> <a class=\"\" href=\"https:\/\/www.flexiblebollards.com\/pt\/balizas-e-pilaretes-flexiveis\/\"> <span class=\"screen-reader-text\">Balizas e pilaretes flex\u00edveis<\/span> Read More &raquo;<\/a><\/p>\n","protected":false},"author":1,"featured_media":0,"parent":0,"menu_order":6,"comment_status":"closed","ping_status":"closed","template":"","meta":{"site-sidebar-layout":"no-sidebar","site-content-layout":"page-builder","ast-global-header-display":"","ast-banner-title-visibility":"","ast-main-header-display":"","ast-hfb-above-header-display":"","ast-hfb-below-header-display":"","ast-hfb-mobile-header-display":"","site-post-title":"disabled","ast-breadcrumbs-content":"","ast-featured-img":"disabled","footer-sml-layout":"","theme-transparent-header-meta":"default","adv-header-id-meta":"","stick-header-meta":"","header-above-stick-meta":"","header-main-stick-meta":"","header-below-stick-meta":"","footnotes":""},"wf_page_folders":[15],"class_list":["post-8771","page","type-page","status-publish","hentry"],"yoast_head":"<!-- This site is optimized with the Yoast SEO plugin v27.5 - https:\/\/yoast.com\/product\/yoast-seo-wordpress\/ -->\n<title>Balizas e pilaretes flex\u00edveis - Dissuasores Flex\u00edveis<\/title>\n<meta name=\"description\" content=\"Especialistas no fabrico e instala\u00e7\u00e3o de balizas e delimitadores semi-flex\u00edveis exteriores ideais para sinaliza\u00e7\u00e3o rodovi\u00e1ria.\" \/>\n<meta name=\"robots\" content=\"index, follow, max-snippet:-1, max-image-preview:large, max-video-preview:-1\" \/>\n<link rel=\"canonical\" href=\"https:\/\/www.flexiblebollards.com\/pt\/balizas-e-pilaretes-flexiveis\/\" \/>\n<meta property=\"og:locale\" content=\"pt_PT\" \/>\n<meta property=\"og:type\" content=\"article\" \/>\n<meta property=\"og:title\" content=\"Balizas e pilaretes flex\u00edveis - Dissuasores Flex\u00edveis\" \/>\n<meta property=\"og:description\" content=\"Especialistas no fabrico e instala\u00e7\u00e3o de balizas e delimitadores semi-flex\u00edveis exteriores ideais para sinaliza\u00e7\u00e3o rodovi\u00e1ria.\" \/>\n<meta property=\"og:url\" content=\"https:\/\/www.flexiblebollards.com\/pt\/balizas-e-pilaretes-flexiveis\/\" \/>\n<meta property=\"og:site_name\" content=\"Dissuasores Flex\u00edveis\" \/>\n<meta property=\"article:modified_time\" content=\"2023-07-21T12:04:44+00:00\" \/>\n<meta property=\"og:image\" content=\"https:\/\/www.flexiblebollards.com\/pt\/wp-content\/uploads\/2023\/07\/delimitador-road-scaled-1.webp\" \/>\n<meta name=\"twitter:card\" content=\"summary_large_image\" \/>\n<meta name=\"twitter:label1\" content=\"Tempo estimado de leitura\" \/>\n\t<meta name=\"twitter:data1\" content=\"2 minutos\" \/>\n<script type=\"application\/ld+json\" class=\"yoast-schema-graph\">{\"@context\":\"https:\\\/\\\/schema.org\",\"@graph\":[{\"@type\":\"WebPage\",\"@id\":\"https:\\\/\\\/www.flexiblebollards.com\\\/pt\\\/balizas-e-pilaretes-flexiveis\\\/\",\"url\":\"https:\\\/\\\/www.flexiblebollards.com\\\/pt\\\/balizas-e-pilaretes-flexiveis\\\/\",\"name\":\"Balizas e pilaretes flex\u00edveis - Dissuasores Flex\u00edveis\",\"isPartOf\":{\"@id\":\"https:\\\/\\\/www.flexiblebollards.com\\\/pt\\\/#website\"},\"primaryImageOfPage\":{\"@id\":\"https:\\\/\\\/www.flexiblebollards.com\\\/pt\\\/balizas-e-pilaretes-flexiveis\\\/#primaryimage\"},\"image\":{\"@id\":\"https:\\\/\\\/www.flexiblebollards.com\\\/pt\\\/balizas-e-pilaretes-flexiveis\\\/#primaryimage\"},\"thumbnailUrl\":\"https:\\\/\\\/www.flexiblebollards.com\\\/pt\\\/wp-content\\\/uploads\\\/2023\\\/07\\\/delimitador-road-scaled-1.webp\",\"datePublished\":\"2021-03-17T09:14:30+00:00\",\"dateModified\":\"2023-07-21T12:04:44+00:00\",\"description\":\"Especialistas no fabrico e instala\u00e7\u00e3o de balizas e delimitadores semi-flex\u00edveis exteriores ideais para sinaliza\u00e7\u00e3o rodovi\u00e1ria.\",\"breadcrumb\":{\"@id\":\"https:\\\/\\\/www.flexiblebollards.com\\\/pt\\\/balizas-e-pilaretes-flexiveis\\\/#breadcrumb\"},\"inLanguage\":\"pt-PT\",\"potentialAction\":[{\"@type\":\"ReadAction\",\"target\":[\"https:\\\/\\\/www.flexiblebollards.com\\\/pt\\\/balizas-e-pilaretes-flexiveis\\\/\"]}]},{\"@type\":\"ImageObject\",\"inLanguage\":\"pt-PT\",\"@id\":\"https:\\\/\\\/www.flexiblebollards.com\\\/pt\\\/balizas-e-pilaretes-flexiveis\\\/#primaryimage\",\"url\":\"https:\\\/\\\/www.flexiblebollards.com\\\/pt\\\/wp-content\\\/uploads\\\/2023\\\/07\\\/delimitador-road-scaled-1.webp\",\"contentUrl\":\"https:\\\/\\\/www.flexiblebollards.com\\\/pt\\\/wp-content\\\/uploads\\\/2023\\\/07\\\/delimitador-road-scaled-1.webp\",\"width\":2560,\"height\":2560},{\"@type\":\"BreadcrumbList\",\"@id\":\"https:\\\/\\\/www.flexiblebollards.com\\\/pt\\\/balizas-e-pilaretes-flexiveis\\\/#breadcrumb\",\"itemListElement\":[{\"@type\":\"ListItem\",\"position\":1,\"name\":\"Portada\",\"item\":\"https:\\\/\\\/www.flexiblebollards.com\\\/pt\\\/\"},{\"@type\":\"ListItem\",\"position\":2,\"name\":\"Balizas e pilaretes flex\u00edveis\"}]},{\"@type\":\"WebSite\",\"@id\":\"https:\\\/\\\/www.flexiblebollards.com\\\/pt\\\/#website\",\"url\":\"https:\\\/\\\/www.flexiblebollards.com\\\/pt\\\/\",\"name\":\"Dissuasores Flex\u00edveis\",\"description\":\"\",\"potentialAction\":[{\"@type\":\"SearchAction\",\"target\":{\"@type\":\"EntryPoint\",\"urlTemplate\":\"https:\\\/\\\/www.flexiblebollards.com\\\/pt\\\/?s={search_term_string}\"},\"query-input\":{\"@type\":\"PropertyValueSpecification\",\"valueRequired\":true,\"valueName\":\"search_term_string\"}}],\"inLanguage\":\"pt-PT\"}]}<\/script>\n<!-- \/ Yoast SEO plugin. -->","yoast_head_json":{"title":"Balizas e pilaretes flex\u00edveis - Dissuasores Flex\u00edveis","description":"Especialistas no fabrico e instala\u00e7\u00e3o de balizas e delimitadores semi-flex\u00edveis exteriores ideais para sinaliza\u00e7\u00e3o rodovi\u00e1ria.","robots":{"index":"index","follow":"follow","max-snippet":"max-snippet:-1","max-image-preview":"max-image-preview:large","max-video-preview":"max-video-preview:-1"},"canonical":"https:\/\/www.flexiblebollards.com\/pt\/balizas-e-pilaretes-flexiveis\/","og_locale":"pt_PT","og_type":"article","og_title":"Balizas e pilaretes flex\u00edveis - Dissuasores Flex\u00edveis","og_description":"Especialistas no fabrico e instala\u00e7\u00e3o de balizas e delimitadores semi-flex\u00edveis exteriores ideais para sinaliza\u00e7\u00e3o rodovi\u00e1ria.","og_url":"https:\/\/www.flexiblebollards.com\/pt\/balizas-e-pilaretes-flexiveis\/","og_site_name":"Dissuasores Flex\u00edveis","article_modified_time":"2023-07-21T12:04:44+00:00","og_image":[{"url":"https:\/\/www.flexiblebollards.com\/pt\/wp-content\/uploads\/2023\/07\/delimitador-road-scaled-1.webp","type":"","width":"","height":""}],"twitter_card":"summary_large_image","twitter_misc":{"Tempo estimado de leitura":"2 minutos"},"schema":{"@context":"https:\/\/schema.org","@graph":[{"@type":"WebPage","@id":"https:\/\/www.flexiblebollards.com\/pt\/balizas-e-pilaretes-flexiveis\/","url":"https:\/\/www.flexiblebollards.com\/pt\/balizas-e-pilaretes-flexiveis\/","name":"Balizas e pilaretes flex\u00edveis - Dissuasores Flex\u00edveis","isPartOf":{"@id":"https:\/\/www.flexiblebollards.com\/pt\/#website"},"primaryImageOfPage":{"@id":"https:\/\/www.flexiblebollards.com\/pt\/balizas-e-pilaretes-flexiveis\/#primaryimage"},"image":{"@id":"https:\/\/www.flexiblebollards.com\/pt\/balizas-e-pilaretes-flexiveis\/#primaryimage"},"thumbnailUrl":"https:\/\/www.flexiblebollards.com\/pt\/wp-content\/uploads\/2023\/07\/delimitador-road-scaled-1.webp","datePublished":"2021-03-17T09:14:30+00:00","dateModified":"2023-07-21T12:04:44+00:00","description":"Especialistas no fabrico e instala\u00e7\u00e3o de balizas e delimitadores semi-flex\u00edveis exteriores ideais para sinaliza\u00e7\u00e3o rodovi\u00e1ria.","breadcrumb":{"@id":"https:\/\/www.flexiblebollards.com\/pt\/balizas-e-pilaretes-flexiveis\/#breadcrumb"},"inLanguage":"pt-PT","potentialAction":[{"@type":"ReadAction","target":["https:\/\/www.flexiblebollards.com\/pt\/balizas-e-pilaretes-flexiveis\/"]}]},{"@type":"ImageObject","inLanguage":"pt-PT","@id":"https:\/\/www.flexiblebollards.com\/pt\/balizas-e-pilaretes-flexiveis\/#primaryimage","url":"https:\/\/www.flexiblebollards.com\/pt\/wp-content\/uploads\/2023\/07\/delimitador-road-scaled-1.webp","contentUrl":"https:\/\/www.flexiblebollards.com\/pt\/wp-content\/uploads\/2023\/07\/delimitador-road-scaled-1.webp","width":2560,"height":2560},{"@type":"BreadcrumbList","@id":"https:\/\/www.flexiblebollards.com\/pt\/balizas-e-pilaretes-flexiveis\/#breadcrumb","itemListElement":[{"@type":"ListItem","position":1,"name":"Portada","item":"https:\/\/www.flexiblebollards.com\/pt\/"},{"@type":"ListItem","position":2,"name":"Balizas e pilaretes flex\u00edveis"}]},{"@type":"WebSite","@id":"https:\/\/www.flexiblebollards.com\/pt\/#website","url":"https:\/\/www.flexiblebollards.com\/pt\/","name":"Dissuasores Flex\u00edveis","description":"","potentialAction":[{"@type":"SearchAction","target":{"@type":"EntryPoint","urlTemplate":"https:\/\/www.flexiblebollards.com\/pt\/?s={search_term_string}"},"query-input":{"@type":"PropertyValueSpecification","valueRequired":true,"valueName":"search_term_string"}}],"inLanguage":"pt-PT"}]}},"_links":{"self":[{"href":"https:\/\/www.flexiblebollards.com\/pt\/wp-json\/wp\/v2\/pages\/8771","targetHints":{"allow":["GET"]}}],"collection":[{"href":"https:\/\/www.flexiblebollards.com\/pt\/wp-json\/wp\/v2\/pages"}],"about":[{"href":"https:\/\/www.flexiblebollards.com\/pt\/wp-json\/wp\/v2\/types\/page"}],"author":[{"embeddable":true,"href":"https:\/\/www.flexiblebollards.com\/pt\/wp-json\/wp\/v2\/users\/1"}],"replies":[{"embeddable":true,"href":"https:\/\/www.flexiblebollards.com\/pt\/wp-json\/wp\/v2\/comments?post=8771"}],"version-history":[{"count":19,"href":"https:\/\/www.flexiblebollards.com\/pt\/wp-json\/wp\/v2\/pages\/8771\/revisions"}],"predecessor-version":[{"id":11029,"href":"https:\/\/www.flexiblebollards.com\/pt\/wp-json\/wp\/v2\/pages\/8771\/revisions\/11029"}],"wp:attachment":[{"href":"https:\/\/www.flexiblebollards.com\/pt\/wp-json\/wp\/v2\/media?parent=8771"}],"wp:term":[{"taxonomy":"wf_page_folders","embeddable":true,"href":"https:\/\/www.flexiblebollards.com\/pt\/wp-json\/wp\/v2\/wf_page_folders?post=8771"}],"curies":[{"name":"wp","href":"https:\/\/api.w.org\/{rel}","templated":true}]}}