{"id":2501,"date":"2021-03-17T10:14:09","date_gmt":"2021-03-17T09:14:09","guid":{"rendered":"http:\/\/www.pilonasflexibles.com\/?page_id=2501"},"modified":"2023-07-21T12:31:41","modified_gmt":"2023-07-21T12:31:41","slug":"dissuasores-semi-flexiveis-a-eco","status":"publish","type":"page","link":"https:\/\/www.flexiblebollards.com\/pt\/dissuasores-semi-flexiveis-a-eco\/","title":{"rendered":"DISSUASORES SEMI-FLEX\u00cdVEIS A-ECO"},"content":{"rendered":"\t\t<div data-elementor-type=\"wp-page\" data-elementor-id=\"2501\" class=\"elementor elementor-2501\" data-elementor-post-type=\"page\">\n\t\t\t\t<div class=\"elementor-element elementor-element-203b82e e-flex e-con-boxed e-con e-parent\" data-id=\"203b82e\" data-element_type=\"container\" data-e-type=\"container\">\n\t\t\t\t\t<div class=\"e-con-inner\">\n\t\t\t\t<div class=\"elementor-element elementor-element-45d7aa4 elementor-widget elementor-widget-text-editor\" data-id=\"45d7aa4\" data-element_type=\"widget\" data-e-type=\"widget\" data-widget_type=\"text-editor.default\">\n\t\t\t\t<div class=\"elementor-widget-container\">\n\t\t\t\t\t\t\t\t\t<p style=\"text-align: justify;\">Os <strong>dissuasores\/pilaretes semi-flex\u00edveis A-ECO<\/strong> s\u00e3o feitos de um material pl\u00e1stico com flexibilidade limitada. Em caso de impacto, o pilarete volta \u00e0 sua posi\u00e7\u00e3o original sem deforma\u00e7\u00e3o se a sua flexibilidade n\u00e3o for ultrapassada.<\/p>\t\t\t\t\t\t\t\t<\/div>\n\t\t\t\t<\/div>\n\t\t\t\t<div class=\"elementor-element elementor-element-cf9be59 elementor-widget__width-initial elementor-widget elementor-widget-heading\" data-id=\"cf9be59\" data-element_type=\"widget\" data-e-type=\"widget\" id=\"aeco\" data-widget_type=\"heading.default\">\n\t\t\t\t<div class=\"elementor-widget-container\">\n\t\t\t\t\t<h2 class=\"elementor-heading-title elementor-size-default\">dissuasores semi-flex\u00edveis <b>A-eco \u00f8100<\/b><\/h2>\t\t\t\t<\/div>\n\t\t\t\t<\/div>\n\t\t\t\t<div class=\"elementor-element elementor-element-24f4515 elementor-widget__width-initial elementor-position-top elementor-widget elementor-widget-image-box\" data-id=\"24f4515\" data-element_type=\"widget\" data-e-type=\"widget\" data-widget_type=\"image-box.default\">\n\t\t\t\t<div class=\"elementor-widget-container\">\n\t\t\t\t\t<div class=\"elementor-image-box-wrapper\"><figure class=\"elementor-image-box-img\"><a href=\"https:\/\/www.flexiblebollards.com\/pt\/dissuasores-semi-flexiveis-a-eco\/dissuasores-semi-flexiveis-fixo-aeco\/\" tabindex=\"-1\"><img fetchpriority=\"high\" decoding=\"async\" width=\"300\" height=\"300\" src=\"https:\/\/www.flexiblebollards.com\/pt\/wp-content\/uploads\/2023\/07\/a-flex-fija-100.png\" class=\"attachment-full size-full wp-image-9558\" alt=\"\" srcset=\"https:\/\/www.flexiblebollards.com\/pt\/wp-content\/uploads\/2023\/07\/a-flex-fija-100.png 300w, https:\/\/www.flexiblebollards.com\/pt\/wp-content\/uploads\/2023\/07\/a-flex-fija-100-150x150.png 150w, https:\/\/www.flexiblebollards.com\/pt\/wp-content\/uploads\/2023\/07\/a-flex-fija-100-24x24.png 24w, https:\/\/www.flexiblebollards.com\/pt\/wp-content\/uploads\/2023\/07\/a-flex-fija-100-36x36.png 36w, https:\/\/www.flexiblebollards.com\/pt\/wp-content\/uploads\/2023\/07\/a-flex-fija-100-48x48.png 48w\" sizes=\"(max-width: 300px) 100vw, 300px\" \/><\/a><\/figure><div class=\"elementor-image-box-content\"><div class=\"elementor-image-box-title\"><a href=\"https:\/\/www.flexiblebollards.com\/pt\/dissuasores-semi-flexiveis-a-eco\/dissuasores-semi-flexiveis-fixo-aeco\/\">Dissuasores Semi-flex\u00edveis <\/a><\/div><p class=\"elementor-image-box-description\">A-Eco <b>Fixos \u00f8100<\/b> <\/p><\/div><\/div>\t\t\t\t<\/div>\n\t\t\t\t<\/div>\n\t\t\t\t<div class=\"elementor-element elementor-element-a74ac29 elementor-widget__width-initial elementor-position-top elementor-widget elementor-widget-image-box\" data-id=\"a74ac29\" data-element_type=\"widget\" data-e-type=\"widget\" data-widget_type=\"image-box.default\">\n\t\t\t\t<div class=\"elementor-widget-container\">\n\t\t\t\t\t<div class=\"elementor-image-box-wrapper\"><figure class=\"elementor-image-box-img\"><a href=\"https:\/\/www.flexiblebollards.com\/pt\/dissuasores-semi-flexiveis-a-eco\/dissuasores-semi-flexiveis-aeco-placa-100\/\" tabindex=\"-1\"><img decoding=\"async\" width=\"300\" height=\"300\" src=\"https:\/\/www.flexiblebollards.com\/pt\/wp-content\/uploads\/2023\/07\/a-flex-fija-con-placa-100.png\" class=\"attachment-full size-full wp-image-9562\" alt=\"\" srcset=\"https:\/\/www.flexiblebollards.com\/pt\/wp-content\/uploads\/2023\/07\/a-flex-fija-con-placa-100.png 300w, https:\/\/www.flexiblebollards.com\/pt\/wp-content\/uploads\/2023\/07\/a-flex-fija-con-placa-100-150x150.png 150w, https:\/\/www.flexiblebollards.com\/pt\/wp-content\/uploads\/2023\/07\/a-flex-fija-con-placa-100-24x24.png 24w, https:\/\/www.flexiblebollards.com\/pt\/wp-content\/uploads\/2023\/07\/a-flex-fija-con-placa-100-36x36.png 36w, https:\/\/www.flexiblebollards.com\/pt\/wp-content\/uploads\/2023\/07\/a-flex-fija-con-placa-100-48x48.png 48w\" sizes=\"(max-width: 300px) 100vw, 300px\" \/><\/a><\/figure><div class=\"elementor-image-box-content\"><div class=\"elementor-image-box-title\"><a href=\"https:\/\/www.flexiblebollards.com\/pt\/dissuasores-semi-flexiveis-a-eco\/dissuasores-semi-flexiveis-aeco-placa-100\/\">Dissuasores Semi-flex\u00edveis <\/a><\/div><p class=\"elementor-image-box-description\">A-Eco <b>Placa \u00f8100 <\/b><\/p><\/div><\/div>\t\t\t\t<\/div>\n\t\t\t\t<\/div>\n\t\t\t\t<div class=\"elementor-element elementor-element-fa151ef elementor-widget__width-initial elementor-position-top elementor-widget elementor-widget-image-box\" data-id=\"fa151ef\" data-element_type=\"widget\" data-e-type=\"widget\" data-widget_type=\"image-box.default\">\n\t\t\t\t<div class=\"elementor-widget-container\">\n\t\t\t\t\t<div class=\"elementor-image-box-wrapper\"><figure class=\"elementor-image-box-img\"><a href=\"https:\/\/www.flexiblebollards.com\/pt\/dissuasores-semi-flexiveis-a-eco\/pilona-semiflexible-extraible-aeco-100\/\" tabindex=\"-1\"><img decoding=\"async\" width=\"300\" height=\"300\" src=\"https:\/\/www.flexiblebollards.com\/pt\/wp-content\/uploads\/2023\/07\/a-flex-fija-extraible-100.png\" class=\"attachment-full size-full wp-image-9563\" alt=\"\" srcset=\"https:\/\/www.flexiblebollards.com\/pt\/wp-content\/uploads\/2023\/07\/a-flex-fija-extraible-100.png 300w, https:\/\/www.flexiblebollards.com\/pt\/wp-content\/uploads\/2023\/07\/a-flex-fija-extraible-100-150x150.png 150w, https:\/\/www.flexiblebollards.com\/pt\/wp-content\/uploads\/2023\/07\/a-flex-fija-extraible-100-24x24.png 24w, https:\/\/www.flexiblebollards.com\/pt\/wp-content\/uploads\/2023\/07\/a-flex-fija-extraible-100-36x36.png 36w, https:\/\/www.flexiblebollards.com\/pt\/wp-content\/uploads\/2023\/07\/a-flex-fija-extraible-100-48x48.png 48w\" sizes=\"(max-width: 300px) 100vw, 300px\" \/><\/a><\/figure><div class=\"elementor-image-box-content\"><div class=\"elementor-image-box-title\"><a href=\"https:\/\/www.flexiblebollards.com\/pt\/dissuasores-semi-flexiveis-a-eco\/pilona-semiflexible-extraible-aeco-100\/\">Dissuasores Semi-flex\u00edveis <\/a><\/div><p class=\"elementor-image-box-description\">A-Eco <b>Amov\u00edveis \u00f8100 <\/b><\/p><\/div><\/div>\t\t\t\t<\/div>\n\t\t\t\t<\/div>\n\t\t\t\t<div class=\"elementor-element elementor-element-af856c6 elementor-widget__width-initial elementor-position-top elementor-widget elementor-widget-image-box\" data-id=\"af856c6\" data-element_type=\"widget\" data-e-type=\"widget\" data-widget_type=\"image-box.default\">\n\t\t\t\t<div class=\"elementor-widget-container\">\n\t\t\t\t\t<div class=\"elementor-image-box-wrapper\"><figure class=\"elementor-image-box-img\"><a href=\"https:\/\/www.flexiblebollards.com\/pt\/dissuasores-semi-flexiveis-a-eco\/dissuasores-badalona-aeco-fixo-100\/\" tabindex=\"-1\"><img loading=\"lazy\" decoding=\"async\" width=\"300\" height=\"300\" src=\"https:\/\/www.flexiblebollards.com\/pt\/wp-content\/uploads\/2023\/07\/aflex-badalona-fija-100.png\" class=\"attachment-full size-full wp-image-9549\" alt=\"\" srcset=\"https:\/\/www.flexiblebollards.com\/pt\/wp-content\/uploads\/2023\/07\/aflex-badalona-fija-100.png 300w, https:\/\/www.flexiblebollards.com\/pt\/wp-content\/uploads\/2023\/07\/aflex-badalona-fija-100-150x150.png 150w, https:\/\/www.flexiblebollards.com\/pt\/wp-content\/uploads\/2023\/07\/aflex-badalona-fija-100-24x24.png 24w, https:\/\/www.flexiblebollards.com\/pt\/wp-content\/uploads\/2023\/07\/aflex-badalona-fija-100-36x36.png 36w, https:\/\/www.flexiblebollards.com\/pt\/wp-content\/uploads\/2023\/07\/aflex-badalona-fija-100-48x48.png 48w\" sizes=\"(max-width: 300px) 100vw, 300px\" \/><\/a><\/figure><div class=\"elementor-image-box-content\"><div class=\"elementor-image-box-title\"><a href=\"https:\/\/www.flexiblebollards.com\/pt\/dissuasores-semi-flexiveis-a-eco\/dissuasores-badalona-aeco-fixo-100\/\">Dissuasores Semi-flex\u00edveis <\/a><\/div><p class=\"elementor-image-box-description\">A-Eco Badalona <b>Fixos \u00f8100<\/b> <\/p><\/div><\/div>\t\t\t\t<\/div>\n\t\t\t\t<\/div>\n\t\t\t\t<div class=\"elementor-element elementor-element-19226e5 elementor-widget__width-initial elementor-position-top elementor-widget elementor-widget-image-box\" data-id=\"19226e5\" data-element_type=\"widget\" data-e-type=\"widget\" data-widget_type=\"image-box.default\">\n\t\t\t\t<div class=\"elementor-widget-container\">\n\t\t\t\t\t<div class=\"elementor-image-box-wrapper\"><figure class=\"elementor-image-box-img\"><a href=\"https:\/\/www.flexiblebollards.com\/pt\/dissuasores-semi-flexiveis-a-eco\/dissuasores-badalona-aeco-amoviveis-100\/\" tabindex=\"-1\"><img loading=\"lazy\" decoding=\"async\" width=\"300\" height=\"300\" src=\"https:\/\/www.flexiblebollards.com\/pt\/wp-content\/uploads\/2023\/07\/aflex-badalona-extraible100.png\" class=\"attachment-full size-full wp-image-9548\" alt=\"\" srcset=\"https:\/\/www.flexiblebollards.com\/pt\/wp-content\/uploads\/2023\/07\/aflex-badalona-extraible100.png 300w, https:\/\/www.flexiblebollards.com\/pt\/wp-content\/uploads\/2023\/07\/aflex-badalona-extraible100-150x150.png 150w, https:\/\/www.flexiblebollards.com\/pt\/wp-content\/uploads\/2023\/07\/aflex-badalona-extraible100-24x24.png 24w, https:\/\/www.flexiblebollards.com\/pt\/wp-content\/uploads\/2023\/07\/aflex-badalona-extraible100-36x36.png 36w, https:\/\/www.flexiblebollards.com\/pt\/wp-content\/uploads\/2023\/07\/aflex-badalona-extraible100-48x48.png 48w\" sizes=\"(max-width: 300px) 100vw, 300px\" \/><\/a><\/figure><div class=\"elementor-image-box-content\"><div class=\"elementor-image-box-title\"><a href=\"https:\/\/www.flexiblebollards.com\/pt\/dissuasores-semi-flexiveis-a-eco\/dissuasores-badalona-aeco-amoviveis-100\/\">Dissuasores Semi-flex\u00edveis <\/a><\/div><p class=\"elementor-image-box-description\">A-Eco Badalona <span style=\"font-weight: 700\">Amov\u00edveis <\/span><b>\u00f8100 <\/b><\/p><\/div><\/div>\t\t\t\t<\/div>\n\t\t\t\t<\/div>\n\t\t\t\t<div class=\"elementor-element elementor-element-6ee0572 elementor-widget__width-initial elementor-widget elementor-widget-heading\" data-id=\"6ee0572\" data-element_type=\"widget\" data-e-type=\"widget\" id=\"aeco-dt\" data-widget_type=\"heading.default\">\n\t\t\t\t<div class=\"elementor-widget-container\">\n\t\t\t\t\t<h2 class=\"elementor-heading-title elementor-size-default\"><span style=\"text-align: var(--text-align);background-color: var(--ast-global-color-5)\">DISSUASORES SEMI-FLEX\u00cdVEIS<\/span> <b>A-eco DT \u00f8100<\/b><\/h2>\t\t\t\t<\/div>\n\t\t\t\t<\/div>\n\t\t\t\t<div class=\"elementor-element elementor-element-fde442f elementor-widget__width-initial elementor-position-top elementor-widget elementor-widget-image-box\" data-id=\"fde442f\" data-element_type=\"widget\" data-e-type=\"widget\" data-widget_type=\"image-box.default\">\n\t\t\t\t<div class=\"elementor-widget-container\">\n\t\t\t\t\t<div class=\"elementor-image-box-wrapper\"><figure class=\"elementor-image-box-img\"><a href=\"https:\/\/www.flexiblebollards.com\/pt\/dissuasores-semi-flexiveis-a-eco\/dissuasores-semi-flexiveis-aeco-dt-fixo-100\/\" tabindex=\"-1\"><img loading=\"lazy\" decoding=\"async\" width=\"300\" height=\"300\" src=\"https:\/\/www.flexiblebollards.com\/pt\/wp-content\/uploads\/2023\/07\/a-flex-dt-100.png\" class=\"attachment-full size-full wp-image-9553\" alt=\"\" srcset=\"https:\/\/www.flexiblebollards.com\/pt\/wp-content\/uploads\/2023\/07\/a-flex-dt-100.png 300w, https:\/\/www.flexiblebollards.com\/pt\/wp-content\/uploads\/2023\/07\/a-flex-dt-100-150x150.png 150w, https:\/\/www.flexiblebollards.com\/pt\/wp-content\/uploads\/2023\/07\/a-flex-dt-100-24x24.png 24w, https:\/\/www.flexiblebollards.com\/pt\/wp-content\/uploads\/2023\/07\/a-flex-dt-100-36x36.png 36w, https:\/\/www.flexiblebollards.com\/pt\/wp-content\/uploads\/2023\/07\/a-flex-dt-100-48x48.png 48w\" sizes=\"(max-width: 300px) 100vw, 300px\" \/><\/a><\/figure><div class=\"elementor-image-box-content\"><div class=\"elementor-image-box-title\"><a href=\"https:\/\/www.flexiblebollards.com\/pt\/dissuasores-semi-flexiveis-a-eco\/dissuasores-semi-flexiveis-aeco-dt-fixo-100\/\">Dissuasores Semi-flex\u00edveis <\/a><\/div><p class=\"elementor-image-box-description\">A-Eco DT <b>Fixos \u00f8100<\/b> <\/p><\/div><\/div>\t\t\t\t<\/div>\n\t\t\t\t<\/div>\n\t\t\t\t<div class=\"elementor-element elementor-element-c3ccd0a elementor-widget__width-initial elementor-position-top elementor-widget elementor-widget-image-box\" data-id=\"c3ccd0a\" data-element_type=\"widget\" data-e-type=\"widget\" data-widget_type=\"image-box.default\">\n\t\t\t\t<div class=\"elementor-widget-container\">\n\t\t\t\t\t<div class=\"elementor-image-box-wrapper\"><figure class=\"elementor-image-box-img\"><a href=\"https:\/\/www.flexiblebollards.com\/pt\/dissuasores-semi-flexiveis-a-eco\/dissuasores-semi-flexiveis-aeco-dt-placa-100\/\" tabindex=\"-1\"><img loading=\"lazy\" decoding=\"async\" width=\"300\" height=\"300\" src=\"https:\/\/www.flexiblebollards.com\/pt\/wp-content\/uploads\/2023\/07\/a-flex-dt-100-placa.png\" class=\"attachment-full size-full wp-image-9556\" alt=\"\" srcset=\"https:\/\/www.flexiblebollards.com\/pt\/wp-content\/uploads\/2023\/07\/a-flex-dt-100-placa.png 300w, https:\/\/www.flexiblebollards.com\/pt\/wp-content\/uploads\/2023\/07\/a-flex-dt-100-placa-150x150.png 150w, https:\/\/www.flexiblebollards.com\/pt\/wp-content\/uploads\/2023\/07\/a-flex-dt-100-placa-24x24.png 24w, https:\/\/www.flexiblebollards.com\/pt\/wp-content\/uploads\/2023\/07\/a-flex-dt-100-placa-36x36.png 36w, https:\/\/www.flexiblebollards.com\/pt\/wp-content\/uploads\/2023\/07\/a-flex-dt-100-placa-48x48.png 48w\" sizes=\"(max-width: 300px) 100vw, 300px\" \/><\/a><\/figure><div class=\"elementor-image-box-content\"><div class=\"elementor-image-box-title\"><a href=\"https:\/\/www.flexiblebollards.com\/pt\/dissuasores-semi-flexiveis-a-eco\/dissuasores-semi-flexiveis-aeco-dt-placa-100\/\">Dissuasores Semi-flex\u00edveis <\/a><\/div><p class=\"elementor-image-box-description\">A-Eco DT <b>Placa \u00f8100<\/b> <\/p><\/div><\/div>\t\t\t\t<\/div>\n\t\t\t\t<\/div>\n\t\t\t\t<div class=\"elementor-element elementor-element-d0af6dd elementor-widget__width-initial elementor-position-top elementor-widget elementor-widget-image-box\" data-id=\"d0af6dd\" data-element_type=\"widget\" data-e-type=\"widget\" data-widget_type=\"image-box.default\">\n\t\t\t\t<div class=\"elementor-widget-container\">\n\t\t\t\t\t<div class=\"elementor-image-box-wrapper\"><figure class=\"elementor-image-box-img\"><a href=\"https:\/\/www.flexiblebollards.com\/pt\/dissuasores-semi-flexiveis-a-eco\/dissuasores-semi-flexiveis-amoviveis-aeco-dt-100\/\" tabindex=\"-1\"><img loading=\"lazy\" decoding=\"async\" width=\"300\" height=\"300\" src=\"https:\/\/www.flexiblebollards.com\/pt\/wp-content\/uploads\/2023\/07\/a-flex-dt-100-extraible.png\" class=\"attachment-full size-full wp-image-9555\" alt=\"\" srcset=\"https:\/\/www.flexiblebollards.com\/pt\/wp-content\/uploads\/2023\/07\/a-flex-dt-100-extraible.png 300w, https:\/\/www.flexiblebollards.com\/pt\/wp-content\/uploads\/2023\/07\/a-flex-dt-100-extraible-150x150.png 150w, https:\/\/www.flexiblebollards.com\/pt\/wp-content\/uploads\/2023\/07\/a-flex-dt-100-extraible-24x24.png 24w, https:\/\/www.flexiblebollards.com\/pt\/wp-content\/uploads\/2023\/07\/a-flex-dt-100-extraible-36x36.png 36w, https:\/\/www.flexiblebollards.com\/pt\/wp-content\/uploads\/2023\/07\/a-flex-dt-100-extraible-48x48.png 48w\" sizes=\"(max-width: 300px) 100vw, 300px\" \/><\/a><\/figure><div class=\"elementor-image-box-content\"><div class=\"elementor-image-box-title\"><a href=\"https:\/\/www.flexiblebollards.com\/pt\/dissuasores-semi-flexiveis-a-eco\/dissuasores-semi-flexiveis-amoviveis-aeco-dt-100\/\">Dissuasores Semi-flex\u00edveis <\/a><\/div><p class=\"elementor-image-box-description\">A-Eco DT <span style=\"font-weight: 700\">Amov\u00edveis <\/span><b>\u00f8100<\/b> <\/p><\/div><\/div>\t\t\t\t<\/div>\n\t\t\t\t<\/div>\n\t\t\t\t\t<\/div>\n\t\t\t\t<\/div>\n\t\t\t\t<\/div>\n\t\t","protected":false},"excerpt":{"rendered":"<p>Os dissuasores\/pilaretes semi-flex\u00edveis A-ECO s\u00e3o feitos de um material pl\u00e1stico com flexibilidade limitada. Em caso de impacto, o pilarete volta \u00e0 sua posi\u00e7\u00e3o original sem deforma\u00e7\u00e3o se a sua flexibilidade n\u00e3o for ultrapassada. dissuasores semi-flex\u00edveis A-eco \u00f8100 Dissuasores Semi-flex\u00edveis A-Eco Fixos \u00f8100 Dissuasores Semi-flex\u00edveis A-Eco Placa \u00f8100 Dissuasores Semi-flex\u00edveis A-Eco Amov\u00edveis \u00f8100 Dissuasores Semi-flex\u00edveis A-Eco &hellip;<\/p>\n<p class=\"read-more\"> <a class=\"\" href=\"https:\/\/www.flexiblebollards.com\/pt\/dissuasores-semi-flexiveis-a-eco\/\"> <span class=\"screen-reader-text\">DISSUASORES SEMI-FLEX\u00cdVEIS A-ECO<\/span> Read More &raquo;<\/a><\/p>\n","protected":false},"author":1,"featured_media":0,"parent":0,"menu_order":5,"comment_status":"closed","ping_status":"closed","template":"","meta":{"site-sidebar-layout":"no-sidebar","site-content-layout":"page-builder","ast-global-header-display":"","ast-banner-title-visibility":"","ast-main-header-display":"","ast-hfb-above-header-display":"","ast-hfb-below-header-display":"","ast-hfb-mobile-header-display":"","site-post-title":"disabled","ast-breadcrumbs-content":"","ast-featured-img":"disabled","footer-sml-layout":"","theme-transparent-header-meta":"default","adv-header-id-meta":"","stick-header-meta":"","header-above-stick-meta":"","header-main-stick-meta":"","header-below-stick-meta":"","footnotes":""},"wf_page_folders":[13],"class_list":["post-2501","page","type-page","status-publish","hentry"],"yoast_head":"<!-- This site is optimized with the Yoast SEO plugin v27.5 - https:\/\/yoast.com\/product\/yoast-seo-wordpress\/ -->\n<title>DISSUASORES SEMI-FLEX\u00cdVEIS A-ECO - Dissuasores Flex\u00edveis<\/title>\n<meta name=\"description\" content=\"Especialistas no fabrico e instala\u00e7\u00e3o de dissuasores semi-flex\u00edveis a-eco. Especialistas em mobili\u00e1rio urbano.\" \/>\n<meta name=\"robots\" content=\"index, follow, max-snippet:-1, max-image-preview:large, max-video-preview:-1\" \/>\n<link rel=\"canonical\" href=\"https:\/\/www.flexiblebollards.com\/pt\/dissuasores-semi-flexiveis-a-eco\/\" \/>\n<meta property=\"og:locale\" content=\"pt_PT\" \/>\n<meta property=\"og:type\" content=\"article\" \/>\n<meta property=\"og:title\" content=\"DISSUASORES SEMI-FLEX\u00cdVEIS A-ECO - Dissuasores Flex\u00edveis\" \/>\n<meta property=\"og:description\" content=\"Especialistas no fabrico e instala\u00e7\u00e3o de dissuasores semi-flex\u00edveis a-eco. Especialistas em mobili\u00e1rio urbano.\" \/>\n<meta property=\"og:url\" content=\"https:\/\/www.flexiblebollards.com\/pt\/dissuasores-semi-flexiveis-a-eco\/\" \/>\n<meta property=\"og:site_name\" content=\"Dissuasores Flex\u00edveis\" \/>\n<meta property=\"article:modified_time\" content=\"2023-07-21T12:31:41+00:00\" \/>\n<meta property=\"og:image\" content=\"https:\/\/www.flexiblebollards.com\/pt\/wp-content\/uploads\/2023\/07\/a-flex-fija-100.png\" \/>\n<meta name=\"twitter:card\" content=\"summary_large_image\" \/>\n<meta name=\"twitter:label1\" content=\"Tempo estimado de leitura\" \/>\n\t<meta name=\"twitter:data1\" content=\"3 minutos\" \/>\n<script type=\"application\/ld+json\" class=\"yoast-schema-graph\">{\"@context\":\"https:\\\/\\\/schema.org\",\"@graph\":[{\"@type\":\"WebPage\",\"@id\":\"https:\\\/\\\/www.flexiblebollards.com\\\/pt\\\/dissuasores-semi-flexiveis-a-eco\\\/\",\"url\":\"https:\\\/\\\/www.flexiblebollards.com\\\/pt\\\/dissuasores-semi-flexiveis-a-eco\\\/\",\"name\":\"DISSUASORES SEMI-FLEX\u00cdVEIS A-ECO - Dissuasores Flex\u00edveis\",\"isPartOf\":{\"@id\":\"https:\\\/\\\/www.flexiblebollards.com\\\/pt\\\/#website\"},\"primaryImageOfPage\":{\"@id\":\"https:\\\/\\\/www.flexiblebollards.com\\\/pt\\\/dissuasores-semi-flexiveis-a-eco\\\/#primaryimage\"},\"image\":{\"@id\":\"https:\\\/\\\/www.flexiblebollards.com\\\/pt\\\/dissuasores-semi-flexiveis-a-eco\\\/#primaryimage\"},\"thumbnailUrl\":\"https:\\\/\\\/www.flexiblebollards.com\\\/pt\\\/wp-content\\\/uploads\\\/2023\\\/07\\\/a-flex-fija-100.png\",\"datePublished\":\"2021-03-17T09:14:09+00:00\",\"dateModified\":\"2023-07-21T12:31:41+00:00\",\"description\":\"Especialistas no fabrico e instala\u00e7\u00e3o de dissuasores semi-flex\u00edveis a-eco. Especialistas em mobili\u00e1rio urbano.\",\"breadcrumb\":{\"@id\":\"https:\\\/\\\/www.flexiblebollards.com\\\/pt\\\/dissuasores-semi-flexiveis-a-eco\\\/#breadcrumb\"},\"inLanguage\":\"pt-PT\",\"potentialAction\":[{\"@type\":\"ReadAction\",\"target\":[\"https:\\\/\\\/www.flexiblebollards.com\\\/pt\\\/dissuasores-semi-flexiveis-a-eco\\\/\"]}]},{\"@type\":\"ImageObject\",\"inLanguage\":\"pt-PT\",\"@id\":\"https:\\\/\\\/www.flexiblebollards.com\\\/pt\\\/dissuasores-semi-flexiveis-a-eco\\\/#primaryimage\",\"url\":\"https:\\\/\\\/www.flexiblebollards.com\\\/pt\\\/wp-content\\\/uploads\\\/2023\\\/07\\\/a-flex-fija-100.png\",\"contentUrl\":\"https:\\\/\\\/www.flexiblebollards.com\\\/pt\\\/wp-content\\\/uploads\\\/2023\\\/07\\\/a-flex-fija-100.png\",\"width\":300,\"height\":300},{\"@type\":\"BreadcrumbList\",\"@id\":\"https:\\\/\\\/www.flexiblebollards.com\\\/pt\\\/dissuasores-semi-flexiveis-a-eco\\\/#breadcrumb\",\"itemListElement\":[{\"@type\":\"ListItem\",\"position\":1,\"name\":\"Portada\",\"item\":\"https:\\\/\\\/www.flexiblebollards.com\\\/pt\\\/\"},{\"@type\":\"ListItem\",\"position\":2,\"name\":\"DISSUASORES SEMI-FLEX\u00cdVEIS A-ECO\"}]},{\"@type\":\"WebSite\",\"@id\":\"https:\\\/\\\/www.flexiblebollards.com\\\/pt\\\/#website\",\"url\":\"https:\\\/\\\/www.flexiblebollards.com\\\/pt\\\/\",\"name\":\"Dissuasores Flex\u00edveis\",\"description\":\"\",\"potentialAction\":[{\"@type\":\"SearchAction\",\"target\":{\"@type\":\"EntryPoint\",\"urlTemplate\":\"https:\\\/\\\/www.flexiblebollards.com\\\/pt\\\/?s={search_term_string}\"},\"query-input\":{\"@type\":\"PropertyValueSpecification\",\"valueRequired\":true,\"valueName\":\"search_term_string\"}}],\"inLanguage\":\"pt-PT\"}]}<\/script>\n<!-- \/ Yoast SEO plugin. -->","yoast_head_json":{"title":"DISSUASORES SEMI-FLEX\u00cdVEIS A-ECO - Dissuasores Flex\u00edveis","description":"Especialistas no fabrico e instala\u00e7\u00e3o de dissuasores semi-flex\u00edveis a-eco. Especialistas em mobili\u00e1rio urbano.","robots":{"index":"index","follow":"follow","max-snippet":"max-snippet:-1","max-image-preview":"max-image-preview:large","max-video-preview":"max-video-preview:-1"},"canonical":"https:\/\/www.flexiblebollards.com\/pt\/dissuasores-semi-flexiveis-a-eco\/","og_locale":"pt_PT","og_type":"article","og_title":"DISSUASORES SEMI-FLEX\u00cdVEIS A-ECO - Dissuasores Flex\u00edveis","og_description":"Especialistas no fabrico e instala\u00e7\u00e3o de dissuasores semi-flex\u00edveis a-eco. Especialistas em mobili\u00e1rio urbano.","og_url":"https:\/\/www.flexiblebollards.com\/pt\/dissuasores-semi-flexiveis-a-eco\/","og_site_name":"Dissuasores Flex\u00edveis","article_modified_time":"2023-07-21T12:31:41+00:00","og_image":[{"url":"https:\/\/www.flexiblebollards.com\/pt\/wp-content\/uploads\/2023\/07\/a-flex-fija-100.png","type":"","width":"","height":""}],"twitter_card":"summary_large_image","twitter_misc":{"Tempo estimado de leitura":"3 minutos"},"schema":{"@context":"https:\/\/schema.org","@graph":[{"@type":"WebPage","@id":"https:\/\/www.flexiblebollards.com\/pt\/dissuasores-semi-flexiveis-a-eco\/","url":"https:\/\/www.flexiblebollards.com\/pt\/dissuasores-semi-flexiveis-a-eco\/","name":"DISSUASORES SEMI-FLEX\u00cdVEIS A-ECO - Dissuasores Flex\u00edveis","isPartOf":{"@id":"https:\/\/www.flexiblebollards.com\/pt\/#website"},"primaryImageOfPage":{"@id":"https:\/\/www.flexiblebollards.com\/pt\/dissuasores-semi-flexiveis-a-eco\/#primaryimage"},"image":{"@id":"https:\/\/www.flexiblebollards.com\/pt\/dissuasores-semi-flexiveis-a-eco\/#primaryimage"},"thumbnailUrl":"https:\/\/www.flexiblebollards.com\/pt\/wp-content\/uploads\/2023\/07\/a-flex-fija-100.png","datePublished":"2021-03-17T09:14:09+00:00","dateModified":"2023-07-21T12:31:41+00:00","description":"Especialistas no fabrico e instala\u00e7\u00e3o de dissuasores semi-flex\u00edveis a-eco. Especialistas em mobili\u00e1rio urbano.","breadcrumb":{"@id":"https:\/\/www.flexiblebollards.com\/pt\/dissuasores-semi-flexiveis-a-eco\/#breadcrumb"},"inLanguage":"pt-PT","potentialAction":[{"@type":"ReadAction","target":["https:\/\/www.flexiblebollards.com\/pt\/dissuasores-semi-flexiveis-a-eco\/"]}]},{"@type":"ImageObject","inLanguage":"pt-PT","@id":"https:\/\/www.flexiblebollards.com\/pt\/dissuasores-semi-flexiveis-a-eco\/#primaryimage","url":"https:\/\/www.flexiblebollards.com\/pt\/wp-content\/uploads\/2023\/07\/a-flex-fija-100.png","contentUrl":"https:\/\/www.flexiblebollards.com\/pt\/wp-content\/uploads\/2023\/07\/a-flex-fija-100.png","width":300,"height":300},{"@type":"BreadcrumbList","@id":"https:\/\/www.flexiblebollards.com\/pt\/dissuasores-semi-flexiveis-a-eco\/#breadcrumb","itemListElement":[{"@type":"ListItem","position":1,"name":"Portada","item":"https:\/\/www.flexiblebollards.com\/pt\/"},{"@type":"ListItem","position":2,"name":"DISSUASORES SEMI-FLEX\u00cdVEIS A-ECO"}]},{"@type":"WebSite","@id":"https:\/\/www.flexiblebollards.com\/pt\/#website","url":"https:\/\/www.flexiblebollards.com\/pt\/","name":"Dissuasores Flex\u00edveis","description":"","potentialAction":[{"@type":"SearchAction","target":{"@type":"EntryPoint","urlTemplate":"https:\/\/www.flexiblebollards.com\/pt\/?s={search_term_string}"},"query-input":{"@type":"PropertyValueSpecification","valueRequired":true,"valueName":"search_term_string"}}],"inLanguage":"pt-PT"}]}},"_links":{"self":[{"href":"https:\/\/www.flexiblebollards.com\/pt\/wp-json\/wp\/v2\/pages\/2501","targetHints":{"allow":["GET"]}}],"collection":[{"href":"https:\/\/www.flexiblebollards.com\/pt\/wp-json\/wp\/v2\/pages"}],"about":[{"href":"https:\/\/www.flexiblebollards.com\/pt\/wp-json\/wp\/v2\/types\/page"}],"author":[{"embeddable":true,"href":"https:\/\/www.flexiblebollards.com\/pt\/wp-json\/wp\/v2\/users\/1"}],"replies":[{"embeddable":true,"href":"https:\/\/www.flexiblebollards.com\/pt\/wp-json\/wp\/v2\/comments?post=2501"}],"version-history":[{"count":19,"href":"https:\/\/www.flexiblebollards.com\/pt\/wp-json\/wp\/v2\/pages\/2501\/revisions"}],"predecessor-version":[{"id":11049,"href":"https:\/\/www.flexiblebollards.com\/pt\/wp-json\/wp\/v2\/pages\/2501\/revisions\/11049"}],"wp:attachment":[{"href":"https:\/\/www.flexiblebollards.com\/pt\/wp-json\/wp\/v2\/media?parent=2501"}],"wp:term":[{"taxonomy":"wf_page_folders","embeddable":true,"href":"https:\/\/www.flexiblebollards.com\/pt\/wp-json\/wp\/v2\/wf_page_folders?post=2501"}],"curies":[{"name":"wp","href":"https:\/\/api.w.org\/{rel}","templated":true}]}}