{"id":1560,"date":"2021-03-12T10:42:57","date_gmt":"2021-03-12T09:42:57","guid":{"rendered":"http:\/\/www.pilonasflexibles.com\/?page_id=1560"},"modified":"2023-07-21T12:24:37","modified_gmt":"2023-07-21T12:24:37","slug":"dissuasores-flexiveis-semi-flexiveis-ablen","status":"publish","type":"page","link":"https:\/\/www.flexiblebollards.com\/pt\/dissuasores-flexiveis-semi-flexiveis-ablen\/","title":{"rendered":"DISSUASORES FLEX\u00cdVEIS E SEMI-FLEX\u00cdVEIS A-Blen"},"content":{"rendered":"\t\t<div data-elementor-type=\"wp-page\" data-elementor-id=\"1560\" class=\"elementor elementor-1560\" data-elementor-post-type=\"page\">\n\t\t\t\t<div class=\"elementor-element elementor-element-5ca8259 e-flex e-con-boxed e-con e-parent\" data-id=\"5ca8259\" data-element_type=\"container\" data-e-type=\"container\">\n\t\t\t\t\t<div class=\"e-con-inner\">\n\t\t\t\t<div class=\"elementor-element elementor-element-2c39676 elementor-widget elementor-widget-text-editor\" data-id=\"2c39676\" data-element_type=\"widget\" data-e-type=\"widget\" data-widget_type=\"text-editor.default\">\n\t\t\t\t<div class=\"elementor-widget-container\">\n\t\t\t\t\t\t\t\t\t<p style=\"text-align: justify;\"><span style=\"font-style: inherit; font-weight: inherit; color: var( --e-global-color-text );\"><strong>Dissuasor flex\u00edvel e semi-flex\u00edvel A-Blen com parafuso<\/strong> para aparafusar, que, ap\u00f3s receber um impacto, regressa \u00e0 sua forma original sem alterar a sua forma. Os dissuasores flex\u00edveis e semi-flex\u00edveis A-Blen s\u00e3o concebidos para delimitar faixas de rodagem, proteger pe\u00f5es, ciclovias, lugares de estacionamento ou simplesmente para proteger espa\u00e7os n\u00e3o autorizados para a passagem de ve\u00edculos. Instala\u00e7\u00e3o\/substitui\u00e7\u00e3o f\u00e1cil e r\u00e1pida dos dissuasores flex\u00edveis e semi-flex\u00edveis A-Blen.<\/span><\/p>\t\t\t\t\t\t\t\t<\/div>\n\t\t\t\t<\/div>\n\t\t\t\t<div class=\"elementor-element elementor-element-081289c elementor-widget__width-initial elementor-widget elementor-widget-heading\" data-id=\"081289c\" data-element_type=\"widget\" data-e-type=\"widget\" id=\"ablen\" data-widget_type=\"heading.default\">\n\t\t\t\t<div class=\"elementor-widget-container\">\n\t\t\t\t\t<h2 class=\"elementor-heading-title elementor-size-default\">dissuasores Flex\u00edveis <b>A-Blen com parafuso<\/b><\/h2>\t\t\t\t<\/div>\n\t\t\t\t<\/div>\n\t\t\t\t<div class=\"elementor-element elementor-element-26d3960 elementor-widget__width-initial elementor-position-top elementor-widget elementor-widget-image-box\" data-id=\"26d3960\" data-element_type=\"widget\" data-e-type=\"widget\" data-widget_type=\"image-box.default\">\n\t\t\t\t<div class=\"elementor-widget-container\">\n\t\t\t\t\t<div class=\"elementor-image-box-wrapper\"><figure class=\"elementor-image-box-img\"><a href=\"https:\/\/www.flexiblebollards.com\/pt\/dissuasores-flexiveis-semi-flexiveis-ablen\/dissuasores-flexiveis-ablen-aparafusar\/\" tabindex=\"-1\"><img fetchpriority=\"high\" decoding=\"async\" width=\"300\" height=\"300\" src=\"https:\/\/www.flexiblebollards.com\/pt\/wp-content\/uploads\/2023\/07\/ablen-tornillo.jpg\" class=\"attachment-full size-full wp-image-9546\" alt=\"\" srcset=\"https:\/\/www.flexiblebollards.com\/pt\/wp-content\/uploads\/2023\/07\/ablen-tornillo.jpg 300w, https:\/\/www.flexiblebollards.com\/pt\/wp-content\/uploads\/2023\/07\/ablen-tornillo-150x150.jpg 150w, https:\/\/www.flexiblebollards.com\/pt\/wp-content\/uploads\/2023\/07\/ablen-tornillo-24x24.jpg 24w, https:\/\/www.flexiblebollards.com\/pt\/wp-content\/uploads\/2023\/07\/ablen-tornillo-36x36.jpg 36w, https:\/\/www.flexiblebollards.com\/pt\/wp-content\/uploads\/2023\/07\/ablen-tornillo-48x48.jpg 48w\" sizes=\"(max-width: 300px) 100vw, 300px\" \/><\/a><\/figure><div class=\"elementor-image-box-content\"><div class=\"elementor-image-box-title\"><a href=\"https:\/\/www.flexiblebollards.com\/pt\/dissuasores-flexiveis-semi-flexiveis-ablen\/dissuasores-flexiveis-ablen-aparafusar\/\">Dissuasores Flex\u00edveis<\/a><\/div><p class=\"elementor-image-box-description\">A-Blen <br><b>Parafuso \u00f8100<\/b> <\/p><\/div><\/div>\t\t\t\t<\/div>\n\t\t\t\t<\/div>\n\t\t\t\t<div class=\"elementor-element elementor-element-3e89962 elementor-widget__width-initial elementor-position-top elementor-widget elementor-widget-image-box\" data-id=\"3e89962\" data-element_type=\"widget\" data-e-type=\"widget\" data-widget_type=\"image-box.default\">\n\t\t\t\t<div class=\"elementor-widget-container\">\n\t\t\t\t\t<div class=\"elementor-image-box-wrapper\"><figure class=\"elementor-image-box-img\"><a href=\"https:\/\/www.flexiblebollards.com\/pt\/dissuasores-flexiveis-semi-flexiveis-ablen\/dissuasores-flexiveis-ablen-dt-aparafusar\/\" tabindex=\"-1\"><img decoding=\"async\" width=\"300\" height=\"300\" src=\"https:\/\/www.flexiblebollards.com\/pt\/wp-content\/uploads\/2023\/07\/ablen-dt-tornillo.jpg\" class=\"attachment-full size-full wp-image-9545\" alt=\"\" srcset=\"https:\/\/www.flexiblebollards.com\/pt\/wp-content\/uploads\/2023\/07\/ablen-dt-tornillo.jpg 300w, https:\/\/www.flexiblebollards.com\/pt\/wp-content\/uploads\/2023\/07\/ablen-dt-tornillo-150x150.jpg 150w, https:\/\/www.flexiblebollards.com\/pt\/wp-content\/uploads\/2023\/07\/ablen-dt-tornillo-24x24.jpg 24w, https:\/\/www.flexiblebollards.com\/pt\/wp-content\/uploads\/2023\/07\/ablen-dt-tornillo-36x36.jpg 36w, https:\/\/www.flexiblebollards.com\/pt\/wp-content\/uploads\/2023\/07\/ablen-dt-tornillo-48x48.jpg 48w\" sizes=\"(max-width: 300px) 100vw, 300px\" \/><\/a><\/figure><div class=\"elementor-image-box-content\"><div class=\"elementor-image-box-title\"><a href=\"https:\/\/www.flexiblebollards.com\/pt\/dissuasores-flexiveis-semi-flexiveis-ablen\/dissuasores-flexiveis-ablen-dt-aparafusar\/\">Dissuasores Flex\u00edveis<\/a><\/div><p class=\"elementor-image-box-description\">A-Blen DT<br>  <b>Parafuso \u00f8100<\/b> <\/p><\/div><\/div>\t\t\t\t<\/div>\n\t\t\t\t<\/div>\n\t\t\t\t<div class=\"elementor-element elementor-element-9dc68b0 elementor-widget__width-initial elementor-position-top elementor-widget elementor-widget-image-box\" data-id=\"9dc68b0\" data-element_type=\"widget\" data-e-type=\"widget\" data-widget_type=\"image-box.default\">\n\t\t\t\t<div class=\"elementor-widget-container\">\n\t\t\t\t\t<div class=\"elementor-image-box-wrapper\"><figure class=\"elementor-image-box-img\"><a href=\"https:\/\/www.flexiblebollards.com\/pt\/dissuasores-flexiveis-semi-flexiveis-ablen\/dissuasores-flexiveis-ablen-dt-ciclovia-aparafusar\/\" tabindex=\"-1\"><img decoding=\"async\" width=\"300\" height=\"300\" src=\"https:\/\/www.flexiblebollards.com\/pt\/wp-content\/uploads\/2023\/07\/ablen-dt-carril-bici.jpg\" class=\"attachment-full size-full wp-image-9566\" alt=\"\" srcset=\"https:\/\/www.flexiblebollards.com\/pt\/wp-content\/uploads\/2023\/07\/ablen-dt-carril-bici.jpg 300w, https:\/\/www.flexiblebollards.com\/pt\/wp-content\/uploads\/2023\/07\/ablen-dt-carril-bici-150x150.jpg 150w, https:\/\/www.flexiblebollards.com\/pt\/wp-content\/uploads\/2023\/07\/ablen-dt-carril-bici-24x24.jpg 24w, https:\/\/www.flexiblebollards.com\/pt\/wp-content\/uploads\/2023\/07\/ablen-dt-carril-bici-36x36.jpg 36w, https:\/\/www.flexiblebollards.com\/pt\/wp-content\/uploads\/2023\/07\/ablen-dt-carril-bici-48x48.jpg 48w\" sizes=\"(max-width: 300px) 100vw, 300px\" \/><\/a><\/figure><div class=\"elementor-image-box-content\"><div class=\"elementor-image-box-title\"><a href=\"https:\/\/www.flexiblebollards.com\/pt\/dissuasores-flexiveis-semi-flexiveis-ablen\/dissuasores-flexiveis-ablen-dt-ciclovia-aparafusar\/\">Dissuasores Flex\u00edveis<\/a><\/div><p class=\"elementor-image-box-description\">A-Blen DT Ciclovia <br><b>Parafuso \u00f8100<\/b> <\/p><\/div><\/div>\t\t\t\t<\/div>\n\t\t\t\t<\/div>\n\t\t\t\t<div class=\"elementor-element elementor-element-eebcee9 elementor-widget__width-initial elementor-position-top elementor-widget elementor-widget-image-box\" data-id=\"eebcee9\" data-element_type=\"widget\" data-e-type=\"widget\" data-widget_type=\"image-box.default\">\n\t\t\t\t<div class=\"elementor-widget-container\">\n\t\t\t\t\t<div class=\"elementor-image-box-wrapper\"><figure class=\"elementor-image-box-img\"><a href=\"https:\/\/www.flexiblebollards.com\/pt\/dissuasores-flexiveis-semi-flexiveis-ablen\/dissuasores-flexiveis-ablen-tta-aparafusar-80\/\" tabindex=\"-1\"><img loading=\"lazy\" decoding=\"async\" width=\"300\" height=\"300\" src=\"https:\/\/www.flexiblebollards.com\/pt\/wp-content\/uploads\/2023\/07\/ablen-tt-tornillo.jpg\" class=\"attachment-full size-full wp-image-9547\" alt=\"\" srcset=\"https:\/\/www.flexiblebollards.com\/pt\/wp-content\/uploads\/2023\/07\/ablen-tt-tornillo.jpg 300w, https:\/\/www.flexiblebollards.com\/pt\/wp-content\/uploads\/2023\/07\/ablen-tt-tornillo-150x150.jpg 150w, https:\/\/www.flexiblebollards.com\/pt\/wp-content\/uploads\/2023\/07\/ablen-tt-tornillo-24x24.jpg 24w, https:\/\/www.flexiblebollards.com\/pt\/wp-content\/uploads\/2023\/07\/ablen-tt-tornillo-36x36.jpg 36w, https:\/\/www.flexiblebollards.com\/pt\/wp-content\/uploads\/2023\/07\/ablen-tt-tornillo-48x48.jpg 48w\" sizes=\"(max-width: 300px) 100vw, 300px\" \/><\/a><\/figure><div class=\"elementor-image-box-content\"><div class=\"elementor-image-box-title\"><a href=\"https:\/\/www.flexiblebollards.com\/pt\/dissuasores-flexiveis-semi-flexiveis-ablen\/dissuasores-flexiveis-ablen-tta-aparafusar-80\/\">Dissuasores Flex\u00edveis<\/a><\/div><p class=\"elementor-image-box-description\">A-Blen TT <br><b>Parafuso \u00f880<\/b> <\/p><\/div><\/div>\t\t\t\t<\/div>\n\t\t\t\t<\/div>\n\t\t\t\t<div class=\"elementor-element elementor-element-f72b79b elementor-widget__width-initial elementor-widget elementor-widget-heading\" data-id=\"f72b79b\" data-element_type=\"widget\" data-e-type=\"widget\" id=\"ablen-eco\" data-widget_type=\"heading.default\">\n\t\t\t\t<div class=\"elementor-widget-container\">\n\t\t\t\t\t<h2 class=\"elementor-heading-title elementor-size-default\">DISSUASORES SEMI-FLEX\u00cdVEIS <b>A-blen para aparafusar<\/b><\/h2>\t\t\t\t<\/div>\n\t\t\t\t<\/div>\n\t\t\t\t<div class=\"elementor-element elementor-element-e08669a elementor-widget__width-initial elementor-position-top elementor-widget elementor-widget-image-box\" data-id=\"e08669a\" data-element_type=\"widget\" data-e-type=\"widget\" data-widget_type=\"image-box.default\">\n\t\t\t\t<div class=\"elementor-widget-container\">\n\t\t\t\t\t<div class=\"elementor-image-box-wrapper\"><figure class=\"elementor-image-box-img\"><a href=\"https:\/\/www.flexiblebollards.com\/pt\/dissuasores-flexiveis-semi-flexiveis-ablen\/dissuasores-semi-flexiveis-ablen-eco-aparafusar-100\/\" tabindex=\"-1\"><img fetchpriority=\"high\" decoding=\"async\" width=\"300\" height=\"300\" src=\"https:\/\/www.flexiblebollards.com\/pt\/wp-content\/uploads\/2023\/07\/ablen-tornillo.jpg\" class=\"attachment-full size-full wp-image-9546\" alt=\"\" srcset=\"https:\/\/www.flexiblebollards.com\/pt\/wp-content\/uploads\/2023\/07\/ablen-tornillo.jpg 300w, https:\/\/www.flexiblebollards.com\/pt\/wp-content\/uploads\/2023\/07\/ablen-tornillo-150x150.jpg 150w, https:\/\/www.flexiblebollards.com\/pt\/wp-content\/uploads\/2023\/07\/ablen-tornillo-24x24.jpg 24w, https:\/\/www.flexiblebollards.com\/pt\/wp-content\/uploads\/2023\/07\/ablen-tornillo-36x36.jpg 36w, https:\/\/www.flexiblebollards.com\/pt\/wp-content\/uploads\/2023\/07\/ablen-tornillo-48x48.jpg 48w\" sizes=\"(max-width: 300px) 100vw, 300px\" \/><\/a><\/figure><div class=\"elementor-image-box-content\"><div class=\"elementor-image-box-title\"><a href=\"https:\/\/www.flexiblebollards.com\/pt\/dissuasores-flexiveis-semi-flexiveis-ablen\/dissuasores-semi-flexiveis-ablen-eco-aparafusar-100\/\">Dissuasores Semi-flex\u00edveis<\/a><\/div><p class=\"elementor-image-box-description\">A-Blen Eco<br><b>Parafuso \u00f8100<\/b> <\/p><\/div><\/div>\t\t\t\t<\/div>\n\t\t\t\t<\/div>\n\t\t\t\t<div class=\"elementor-element elementor-element-d271618 elementor-widget__width-initial elementor-position-top elementor-widget elementor-widget-image-box\" data-id=\"d271618\" data-element_type=\"widget\" data-e-type=\"widget\" data-widget_type=\"image-box.default\">\n\t\t\t\t<div class=\"elementor-widget-container\">\n\t\t\t\t\t<div class=\"elementor-image-box-wrapper\"><figure class=\"elementor-image-box-img\"><a href=\"https:\/\/www.flexiblebollards.com\/pt\/dissuasores-flexiveis-semi-flexiveis-ablen\/dissuasores-semi-flexiveis-ablen-eco-aparafusar\/\" tabindex=\"-1\"><img decoding=\"async\" width=\"300\" height=\"300\" src=\"https:\/\/www.flexiblebollards.com\/pt\/wp-content\/uploads\/2023\/07\/ablen-dt-tornillo.jpg\" class=\"attachment-full size-full wp-image-9545\" alt=\"\" srcset=\"https:\/\/www.flexiblebollards.com\/pt\/wp-content\/uploads\/2023\/07\/ablen-dt-tornillo.jpg 300w, https:\/\/www.flexiblebollards.com\/pt\/wp-content\/uploads\/2023\/07\/ablen-dt-tornillo-150x150.jpg 150w, https:\/\/www.flexiblebollards.com\/pt\/wp-content\/uploads\/2023\/07\/ablen-dt-tornillo-24x24.jpg 24w, https:\/\/www.flexiblebollards.com\/pt\/wp-content\/uploads\/2023\/07\/ablen-dt-tornillo-36x36.jpg 36w, https:\/\/www.flexiblebollards.com\/pt\/wp-content\/uploads\/2023\/07\/ablen-dt-tornillo-48x48.jpg 48w\" sizes=\"(max-width: 300px) 100vw, 300px\" \/><\/a><\/figure><div class=\"elementor-image-box-content\"><div class=\"elementor-image-box-title\"><a href=\"https:\/\/www.flexiblebollards.com\/pt\/dissuasores-flexiveis-semi-flexiveis-ablen\/dissuasores-semi-flexiveis-ablen-eco-aparafusar\/\">Dissuasores Semi-flex\u00edveis<\/a><\/div><p class=\"elementor-image-box-description\">A-Blen DT Eco<br><b>Parafuso \u00f8100<\/b> <\/p><\/div><\/div>\t\t\t\t<\/div>\n\t\t\t\t<\/div>\n\t\t\t\t\t<\/div>\n\t\t\t\t<\/div>\n\t\t\t\t<\/div>\n\t\t","protected":false},"excerpt":{"rendered":"<p>Dissuasor flex\u00edvel e semi-flex\u00edvel A-Blen com parafuso para aparafusar, que, ap\u00f3s receber um impacto, regressa \u00e0 sua forma original sem alterar a sua forma. Os dissuasores flex\u00edveis e semi-flex\u00edveis A-Blen s\u00e3o concebidos para delimitar faixas de rodagem, proteger pe\u00f5es, ciclovias, lugares de estacionamento ou simplesmente para proteger espa\u00e7os n\u00e3o autorizados para a passagem de ve\u00edculos. &hellip;<\/p>\n<p class=\"read-more\"> <a class=\"\" href=\"https:\/\/www.flexiblebollards.com\/pt\/dissuasores-flexiveis-semi-flexiveis-ablen\/\"> <span class=\"screen-reader-text\">DISSUASORES FLEX\u00cdVEIS E SEMI-FLEX\u00cdVEIS A-Blen<\/span> Read More &raquo;<\/a><\/p>\n","protected":false},"author":1,"featured_media":0,"parent":0,"menu_order":3,"comment_status":"closed","ping_status":"closed","template":"","meta":{"site-sidebar-layout":"no-sidebar","site-content-layout":"page-builder","ast-global-header-display":"","ast-banner-title-visibility":"","ast-main-header-display":"","ast-hfb-above-header-display":"","ast-hfb-below-header-display":"","ast-hfb-mobile-header-display":"","site-post-title":"disabled","ast-breadcrumbs-content":"","ast-featured-img":"disabled","footer-sml-layout":"","theme-transparent-header-meta":"default","adv-header-id-meta":"","stick-header-meta":"","header-above-stick-meta":"","header-main-stick-meta":"","header-below-stick-meta":"","footnotes":""},"wf_page_folders":[12],"class_list":["post-1560","page","type-page","status-publish","hentry"],"yoast_head":"<!-- This site is optimized with the Yoast SEO plugin v27.4 - https:\/\/yoast.com\/product\/yoast-seo-wordpress\/ -->\n<title>DISSUASORES FLEX\u00cdVEIS E SEMI-FLEX\u00cdVEIS A-Blen - Dissuasores Flex\u00edveis<\/title>\n<meta name=\"description\" content=\"Somos especialistas no fabrico e instala\u00e7\u00e3o de dissuasores flex\u00edveis de poliuretano A-Blen e semi-flex\u00edveis com parafuso inferior.\" \/>\n<meta name=\"robots\" content=\"index, follow, max-snippet:-1, max-image-preview:large, max-video-preview:-1\" \/>\n<link rel=\"canonical\" href=\"https:\/\/www.flexiblebollards.com\/pt\/dissuasores-flexiveis-semi-flexiveis-ablen\/\" \/>\n<meta property=\"og:locale\" content=\"pt_PT\" \/>\n<meta property=\"og:type\" content=\"article\" \/>\n<meta property=\"og:title\" content=\"DISSUASORES FLEX\u00cdVEIS E SEMI-FLEX\u00cdVEIS A-Blen - Dissuasores Flex\u00edveis\" \/>\n<meta property=\"og:description\" content=\"Somos especialistas no fabrico e instala\u00e7\u00e3o de dissuasores flex\u00edveis de poliuretano A-Blen e semi-flex\u00edveis com parafuso inferior.\" \/>\n<meta property=\"og:url\" content=\"https:\/\/www.flexiblebollards.com\/pt\/dissuasores-flexiveis-semi-flexiveis-ablen\/\" \/>\n<meta property=\"og:site_name\" content=\"Dissuasores Flex\u00edveis\" \/>\n<meta property=\"article:modified_time\" content=\"2023-07-21T12:24:37+00:00\" \/>\n<meta property=\"og:image\" content=\"https:\/\/www.flexiblebollards.com\/pt\/wp-content\/uploads\/2023\/07\/ablen-tornillo.jpg\" \/>\n<meta name=\"twitter:card\" content=\"summary_large_image\" \/>\n<meta name=\"twitter:label1\" content=\"Tempo estimado de leitura\" \/>\n\t<meta name=\"twitter:data1\" content=\"2 minutos\" \/>\n<script type=\"application\/ld+json\" class=\"yoast-schema-graph\">{\"@context\":\"https:\\\/\\\/schema.org\",\"@graph\":[{\"@type\":\"WebPage\",\"@id\":\"https:\\\/\\\/www.flexiblebollards.com\\\/pt\\\/dissuasores-flexiveis-semi-flexiveis-ablen\\\/\",\"url\":\"https:\\\/\\\/www.flexiblebollards.com\\\/pt\\\/dissuasores-flexiveis-semi-flexiveis-ablen\\\/\",\"name\":\"DISSUASORES FLEX\u00cdVEIS E SEMI-FLEX\u00cdVEIS A-Blen - Dissuasores Flex\u00edveis\",\"isPartOf\":{\"@id\":\"https:\\\/\\\/www.flexiblebollards.com\\\/pt\\\/#website\"},\"primaryImageOfPage\":{\"@id\":\"https:\\\/\\\/www.flexiblebollards.com\\\/pt\\\/dissuasores-flexiveis-semi-flexiveis-ablen\\\/#primaryimage\"},\"image\":{\"@id\":\"https:\\\/\\\/www.flexiblebollards.com\\\/pt\\\/dissuasores-flexiveis-semi-flexiveis-ablen\\\/#primaryimage\"},\"thumbnailUrl\":\"https:\\\/\\\/www.flexiblebollards.com\\\/pt\\\/wp-content\\\/uploads\\\/2023\\\/07\\\/ablen-tornillo.jpg\",\"datePublished\":\"2021-03-12T09:42:57+00:00\",\"dateModified\":\"2023-07-21T12:24:37+00:00\",\"description\":\"Somos especialistas no fabrico e instala\u00e7\u00e3o de dissuasores flex\u00edveis de poliuretano A-Blen e semi-flex\u00edveis com parafuso inferior.\",\"breadcrumb\":{\"@id\":\"https:\\\/\\\/www.flexiblebollards.com\\\/pt\\\/dissuasores-flexiveis-semi-flexiveis-ablen\\\/#breadcrumb\"},\"inLanguage\":\"pt-PT\",\"potentialAction\":[{\"@type\":\"ReadAction\",\"target\":[\"https:\\\/\\\/www.flexiblebollards.com\\\/pt\\\/dissuasores-flexiveis-semi-flexiveis-ablen\\\/\"]}]},{\"@type\":\"ImageObject\",\"inLanguage\":\"pt-PT\",\"@id\":\"https:\\\/\\\/www.flexiblebollards.com\\\/pt\\\/dissuasores-flexiveis-semi-flexiveis-ablen\\\/#primaryimage\",\"url\":\"https:\\\/\\\/www.flexiblebollards.com\\\/pt\\\/wp-content\\\/uploads\\\/2023\\\/07\\\/ablen-tornillo.jpg\",\"contentUrl\":\"https:\\\/\\\/www.flexiblebollards.com\\\/pt\\\/wp-content\\\/uploads\\\/2023\\\/07\\\/ablen-tornillo.jpg\",\"width\":300,\"height\":300},{\"@type\":\"BreadcrumbList\",\"@id\":\"https:\\\/\\\/www.flexiblebollards.com\\\/pt\\\/dissuasores-flexiveis-semi-flexiveis-ablen\\\/#breadcrumb\",\"itemListElement\":[{\"@type\":\"ListItem\",\"position\":1,\"name\":\"Portada\",\"item\":\"https:\\\/\\\/www.flexiblebollards.com\\\/pt\\\/\"},{\"@type\":\"ListItem\",\"position\":2,\"name\":\"DISSUASORES FLEX\u00cdVEIS E SEMI-FLEX\u00cdVEIS A-Blen\"}]},{\"@type\":\"WebSite\",\"@id\":\"https:\\\/\\\/www.flexiblebollards.com\\\/pt\\\/#website\",\"url\":\"https:\\\/\\\/www.flexiblebollards.com\\\/pt\\\/\",\"name\":\"Dissuasores Flex\u00edveis\",\"description\":\"\",\"potentialAction\":[{\"@type\":\"SearchAction\",\"target\":{\"@type\":\"EntryPoint\",\"urlTemplate\":\"https:\\\/\\\/www.flexiblebollards.com\\\/pt\\\/?s={search_term_string}\"},\"query-input\":{\"@type\":\"PropertyValueSpecification\",\"valueRequired\":true,\"valueName\":\"search_term_string\"}}],\"inLanguage\":\"pt-PT\"}]}<\/script>\n<!-- \/ Yoast SEO plugin. -->","yoast_head_json":{"title":"DISSUASORES FLEX\u00cdVEIS E SEMI-FLEX\u00cdVEIS A-Blen - Dissuasores Flex\u00edveis","description":"Somos especialistas no fabrico e instala\u00e7\u00e3o de dissuasores flex\u00edveis de poliuretano A-Blen e semi-flex\u00edveis com parafuso inferior.","robots":{"index":"index","follow":"follow","max-snippet":"max-snippet:-1","max-image-preview":"max-image-preview:large","max-video-preview":"max-video-preview:-1"},"canonical":"https:\/\/www.flexiblebollards.com\/pt\/dissuasores-flexiveis-semi-flexiveis-ablen\/","og_locale":"pt_PT","og_type":"article","og_title":"DISSUASORES FLEX\u00cdVEIS E SEMI-FLEX\u00cdVEIS A-Blen - Dissuasores Flex\u00edveis","og_description":"Somos especialistas no fabrico e instala\u00e7\u00e3o de dissuasores flex\u00edveis de poliuretano A-Blen e semi-flex\u00edveis com parafuso inferior.","og_url":"https:\/\/www.flexiblebollards.com\/pt\/dissuasores-flexiveis-semi-flexiveis-ablen\/","og_site_name":"Dissuasores Flex\u00edveis","article_modified_time":"2023-07-21T12:24:37+00:00","og_image":[{"url":"https:\/\/www.flexiblebollards.com\/pt\/wp-content\/uploads\/2023\/07\/ablen-tornillo.jpg","type":"","width":"","height":""}],"twitter_card":"summary_large_image","twitter_misc":{"Tempo estimado de leitura":"2 minutos"},"schema":{"@context":"https:\/\/schema.org","@graph":[{"@type":"WebPage","@id":"https:\/\/www.flexiblebollards.com\/pt\/dissuasores-flexiveis-semi-flexiveis-ablen\/","url":"https:\/\/www.flexiblebollards.com\/pt\/dissuasores-flexiveis-semi-flexiveis-ablen\/","name":"DISSUASORES FLEX\u00cdVEIS E SEMI-FLEX\u00cdVEIS A-Blen - Dissuasores Flex\u00edveis","isPartOf":{"@id":"https:\/\/www.flexiblebollards.com\/pt\/#website"},"primaryImageOfPage":{"@id":"https:\/\/www.flexiblebollards.com\/pt\/dissuasores-flexiveis-semi-flexiveis-ablen\/#primaryimage"},"image":{"@id":"https:\/\/www.flexiblebollards.com\/pt\/dissuasores-flexiveis-semi-flexiveis-ablen\/#primaryimage"},"thumbnailUrl":"https:\/\/www.flexiblebollards.com\/pt\/wp-content\/uploads\/2023\/07\/ablen-tornillo.jpg","datePublished":"2021-03-12T09:42:57+00:00","dateModified":"2023-07-21T12:24:37+00:00","description":"Somos especialistas no fabrico e instala\u00e7\u00e3o de dissuasores flex\u00edveis de poliuretano A-Blen e semi-flex\u00edveis com parafuso inferior.","breadcrumb":{"@id":"https:\/\/www.flexiblebollards.com\/pt\/dissuasores-flexiveis-semi-flexiveis-ablen\/#breadcrumb"},"inLanguage":"pt-PT","potentialAction":[{"@type":"ReadAction","target":["https:\/\/www.flexiblebollards.com\/pt\/dissuasores-flexiveis-semi-flexiveis-ablen\/"]}]},{"@type":"ImageObject","inLanguage":"pt-PT","@id":"https:\/\/www.flexiblebollards.com\/pt\/dissuasores-flexiveis-semi-flexiveis-ablen\/#primaryimage","url":"https:\/\/www.flexiblebollards.com\/pt\/wp-content\/uploads\/2023\/07\/ablen-tornillo.jpg","contentUrl":"https:\/\/www.flexiblebollards.com\/pt\/wp-content\/uploads\/2023\/07\/ablen-tornillo.jpg","width":300,"height":300},{"@type":"BreadcrumbList","@id":"https:\/\/www.flexiblebollards.com\/pt\/dissuasores-flexiveis-semi-flexiveis-ablen\/#breadcrumb","itemListElement":[{"@type":"ListItem","position":1,"name":"Portada","item":"https:\/\/www.flexiblebollards.com\/pt\/"},{"@type":"ListItem","position":2,"name":"DISSUASORES FLEX\u00cdVEIS E SEMI-FLEX\u00cdVEIS A-Blen"}]},{"@type":"WebSite","@id":"https:\/\/www.flexiblebollards.com\/pt\/#website","url":"https:\/\/www.flexiblebollards.com\/pt\/","name":"Dissuasores Flex\u00edveis","description":"","potentialAction":[{"@type":"SearchAction","target":{"@type":"EntryPoint","urlTemplate":"https:\/\/www.flexiblebollards.com\/pt\/?s={search_term_string}"},"query-input":{"@type":"PropertyValueSpecification","valueRequired":true,"valueName":"search_term_string"}}],"inLanguage":"pt-PT"}]}},"_links":{"self":[{"href":"https:\/\/www.flexiblebollards.com\/pt\/wp-json\/wp\/v2\/pages\/1560","targetHints":{"allow":["GET"]}}],"collection":[{"href":"https:\/\/www.flexiblebollards.com\/pt\/wp-json\/wp\/v2\/pages"}],"about":[{"href":"https:\/\/www.flexiblebollards.com\/pt\/wp-json\/wp\/v2\/types\/page"}],"author":[{"embeddable":true,"href":"https:\/\/www.flexiblebollards.com\/pt\/wp-json\/wp\/v2\/users\/1"}],"replies":[{"embeddable":true,"href":"https:\/\/www.flexiblebollards.com\/pt\/wp-json\/wp\/v2\/comments?post=1560"}],"version-history":[{"count":28,"href":"https:\/\/www.flexiblebollards.com\/pt\/wp-json\/wp\/v2\/pages\/1560\/revisions"}],"predecessor-version":[{"id":11036,"href":"https:\/\/www.flexiblebollards.com\/pt\/wp-json\/wp\/v2\/pages\/1560\/revisions\/11036"}],"wp:attachment":[{"href":"https:\/\/www.flexiblebollards.com\/pt\/wp-json\/wp\/v2\/media?parent=1560"}],"wp:term":[{"taxonomy":"wf_page_folders","embeddable":true,"href":"https:\/\/www.flexiblebollards.com\/pt\/wp-json\/wp\/v2\/wf_page_folders?post=1560"}],"curies":[{"name":"wp","href":"https:\/\/api.w.org\/{rel}","templated":true}]}}